{"id":224,"date":"2021-03-14T13:30:37","date_gmt":"2021-03-14T13:30:37","guid":{"rendered":"http:\/\/www.eripgip.be\/NewWeb21\/?page_id=224"},"modified":"2026-04-01T09:29:36","modified_gmt":"2026-04-01T09:29:36","slug":"postes-vacants","status":"publish","type":"page","link":"https:\/\/www.eripgip.be\/NewWeb21\/?page_id=224","title":{"rendered":"Postes vacants charg\u00e9s de cours"},"content":{"rendered":"\t\t<div data-elementor-type=\"wp-page\" data-elementor-id=\"224\" class=\"elementor elementor-224\" data-elementor-settings=\"[]\">\n\t\t\t\t\t\t\t<div class=\"elementor-section-wrap\">\n\t\t\t\t\t\t\t<section class=\"elementor-section elementor-top-section elementor-element elementor-element-4cb8e284 elementor-section-boxed elementor-section-height-default elementor-section-height-default\" data-id=\"4cb8e284\" data-element_type=\"section\">\n\t\t\t\t\t\t<div class=\"elementor-container elementor-column-gap-default\">\n\t\t\t\t\t<div class=\"elementor-column elementor-col-100 elementor-top-column elementor-element elementor-element-3ff6cabd\" data-id=\"3ff6cabd\" data-element_type=\"column\">\n\t\t\t<div class=\"elementor-widget-wrap elementor-element-populated\">\n\t\t\t\t\t\t\t\t<div class=\"elementor-element elementor-element-ba1317d elementor-headline--style-highlight elementor-widget elementor-widget-animated-headline\" data-id=\"ba1317d\" data-element_type=\"widget\" data-settings=\"{&quot;highlighted_text&quot;:&quot;CHARG\\u00c9(E) DE COURS&quot;,&quot;headline_style&quot;:&quot;highlight&quot;,&quot;marker&quot;:&quot;circle&quot;,&quot;highlight_animation_duration&quot;:1200}\" data-widget_type=\"animated-headline.default\">\n\t\t\t\t<div class=\"elementor-widget-container\">\n\t\t\t\t\t<h3 class=\"elementor-headline\">\n\t\t\t\t\t<span class=\"elementor-headline-plain-text elementor-headline-text-wrapper\">APPEL AUX CANDIDATS -  <\/span>\n\t\t\t\t<span class=\"elementor-headline-dynamic-wrapper elementor-headline-text-wrapper\">\n\t\t\t\t\t<span class=\"elementor-headline-dynamic-text elementor-headline-text-active\">CHARG\u00c9(E) DE COURS<\/span>\n\t\t\t\t<\/span>\n\t\t\t\t<\/h3>\n\t\t\t\t<\/div>\n\t\t\t\t<\/div>\n\t\t\t\t<div class=\"elementor-element elementor-element-3f3ccbf7 elementor-widget elementor-widget-text-editor\" data-id=\"3f3ccbf7\" data-element_type=\"widget\" data-widget_type=\"text-editor.default\">\n\t\t\t\t<div class=\"elementor-widget-container\">\n\t\t\t\t\t\t\t\t<h2 style=\"text-align: center;\"><b>L&#8217;acad\u00e9mie R\u00e9gionale de police de Bruxelles (ARPB) recherche:<\/b><\/h2><ul><li style=\"list-style-type: none;\"><a href=\"https:\/\/www.eripgip.be\/NewWeb21\/wp-content\/uploads\/2026\/03\/Appel-charge-de-cours-AINP-ISS-202603-ARPB.pdf\" target=\"_blank\" rel=\"noopener\">Assistant Charg\u00e9(e) de cours &#8211; Interventions en situations sp\u00e9cifiques<\/a><\/li><li style=\"list-style-type: none;\"><a href=\"https:\/\/www.eripgip.be\/NewWeb21\/wp-content\/uploads\/2026\/04\/Appel-charge-de-cours-AINP-COPPRA-2026.pdf\" target=\"_blank\" rel=\"noopener\">Charg\u00e9(e) de cours &#8211; COPRRA &#8211; formations de base AINP<\/a><\/li><\/ul><h3>Nederlandstalige vacatures, klik :<\/h3>\t\t\t\t\t\t<\/div>\n\t\t\t\t<\/div>\n\t\t\t\t\t<\/div>\n\t\t<\/div>\n\t\t\t\t\t\t\t<\/div>\n\t\t<\/section>\n\t\t\t\t<section class=\"elementor-section elementor-top-section elementor-element elementor-element-8c42e6b elementor-section-boxed elementor-section-height-default elementor-section-height-default\" data-id=\"8c42e6b\" data-element_type=\"section\">\n\t\t\t\t\t\t<div class=\"elementor-container elementor-column-gap-default\">\n\t\t\t\t\t<div class=\"elementor-column elementor-col-100 elementor-top-column elementor-element elementor-element-df30a40\" data-id=\"df30a40\" data-element_type=\"column\">\n\t\t\t<div class=\"elementor-widget-wrap\">\n\t\t\t\t\t\t\t\t\t<\/div>\n\t\t<\/div>\n\t\t\t\t\t\t\t<\/div>\n\t\t<\/section>\n\t\t\t\t\t\t<\/div>\n\t\t\t\t\t<\/div>\n\t\t","protected":false},"excerpt":{"rendered":"<p>APPEL AUX CANDIDATS &#8211; CHARG\u00c9(E) DE COURS L&#8217;acad\u00e9mie R\u00e9gionale de police de Bruxelles (ARPB) recherche: Assistant Charg\u00e9(e) de cours &#8211; Interventions en situations sp\u00e9cifiques Charg\u00e9(e) de cours &#8211; COPRRA &#8211; formations de base AINP Nederlandstalige vacatures, klik :<\/p>\n","protected":false},"author":1,"featured_media":0,"parent":0,"menu_order":0,"comment_status":"closed","ping_status":"closed","template":"","meta":{"footnotes":""},"class_list":["post-224","page","type-page","status-publish","hentry"],"_links":{"self":[{"href":"https:\/\/www.eripgip.be\/NewWeb21\/index.php?rest_route=\/wp\/v2\/pages\/224","targetHints":{"allow":["GET"]}}],"collection":[{"href":"https:\/\/www.eripgip.be\/NewWeb21\/index.php?rest_route=\/wp\/v2\/pages"}],"about":[{"href":"https:\/\/www.eripgip.be\/NewWeb21\/index.php?rest_route=\/wp\/v2\/types\/page"}],"author":[{"embeddable":true,"href":"https:\/\/www.eripgip.be\/NewWeb21\/index.php?rest_route=\/wp\/v2\/users\/1"}],"replies":[{"embeddable":true,"href":"https:\/\/www.eripgip.be\/NewWeb21\/index.php?rest_route=%2Fwp%2Fv2%2Fcomments&post=224"}],"version-history":[{"count":350,"href":"https:\/\/www.eripgip.be\/NewWeb21\/index.php?rest_route=\/wp\/v2\/pages\/224\/revisions"}],"predecessor-version":[{"id":4917,"href":"https:\/\/www.eripgip.be\/NewWeb21\/index.php?rest_route=\/wp\/v2\/pages\/224\/revisions\/4917"}],"wp:attachment":[{"href":"https:\/\/www.eripgip.be\/NewWeb21\/index.php?rest_route=%2Fwp%2Fv2%2Fmedia&parent=224"}],"curies":[{"name":"wp","href":"https:\/\/api.w.org\/{rel}","templated":true}]}}