{"id":209,"date":"2021-03-14T13:26:38","date_gmt":"2021-03-14T13:26:38","guid":{"rendered":"http:\/\/www.eripgip.be\/NewWeb21\/?page_id=209"},"modified":"2021-04-25T09:11:32","modified_gmt":"2021-04-25T09:11:32","slug":"l-ecole","status":"publish","type":"page","link":"https:\/\/www.eripgip.be\/NewWeb21\/?page_id=209","title":{"rendered":"Historique"},"content":{"rendered":"\t\t<div data-elementor-type=\"wp-page\" data-elementor-id=\"209\" class=\"elementor elementor-209\" data-elementor-settings=\"[]\">\n\t\t\t\t\t\t\t<div class=\"elementor-section-wrap\">\n\t\t\t\t\t\t\t<section class=\"elementor-section elementor-top-section elementor-element elementor-element-35229fd6 elementor-section-boxed elementor-section-height-default elementor-section-height-default\" data-id=\"35229fd6\" data-element_type=\"section\">\n\t\t\t\t\t\t<div class=\"elementor-container elementor-column-gap-default\">\n\t\t\t\t\t<div class=\"elementor-column elementor-col-100 elementor-top-column elementor-element elementor-element-1b45d269\" data-id=\"1b45d269\" data-element_type=\"column\">\n\t\t\t<div class=\"elementor-widget-wrap elementor-element-populated\">\n\t\t\t\t\t\t\t\t<div class=\"elementor-element elementor-element-231a87df elementor-widget elementor-widget-text-editor\" data-id=\"231a87df\" data-element_type=\"widget\" data-widget_type=\"text-editor.default\">\n\t\t\t\t<div class=\"elementor-widget-container\">\n\t\t\t\t\t\t\t\t<p>L\u2019\u00e9cole R\u00e9gionale et Intercommunale de Police a \u00e9t\u00e9 constitu\u00e9e le 12 janvier 1994.<\/p><p>Il s\u2019agit d\u2019une intercommunale associant les 19 communes de la R\u00e9gion de Bruxelles-Capitale \u00e0 laquelle se sont ajout\u00e9s ult\u00e9rieurement les 6 zones de police de la r\u00e9gion bruxelloise et le procureur g\u00e9n\u00e9ral pr\u00e8s la cour d\u2019appel de Bruxelles.<\/p><p>L\u2019intercommunale a adopt\u00e9 la forme juridique d\u2019association sans but lucratif. Les statuts de l\u2019association ont \u00e9t\u00e9 publi\u00e9s au Moniteur Belge le 17 mars 1994.<\/p><p>Si l\u2019association en tant que telle a \u00e9t\u00e9 fond\u00e9e en 1994, l\u2019\u00e9cole dispensant la formation aux policiers existe depuis 1970.<\/p><p>Cette ann\u00e9e-l\u00e0 la police communale de la ville de Bruxelles cr\u00e9e un Centre d\u2019Instruction Police (CIP) pour organiser et dispenser les formations destin\u00e9es aux policiers communaux de la ville, formations qui seront ensuite accessibles aux autres communes bruxelloises.<\/p>\t\t\t\t\t\t<\/div>\n\t\t\t\t<\/div>\n\t\t\t\t<div class=\"elementor-element elementor-element-f18a8ae elementor-widget elementor-widget-gallery\" data-id=\"f18a8ae\" data-element_type=\"widget\" data-settings=\"{&quot;lazyload&quot;:&quot;yes&quot;,&quot;gallery_layout&quot;:&quot;grid&quot;,&quot;columns&quot;:4,&quot;columns_tablet&quot;:2,&quot;columns_mobile&quot;:1,&quot;gap&quot;:{&quot;unit&quot;:&quot;px&quot;,&quot;size&quot;:10,&quot;sizes&quot;:[]},&quot;gap_tablet&quot;:{&quot;unit&quot;:&quot;px&quot;,&quot;size&quot;:10,&quot;sizes&quot;:[]},&quot;gap_mobile&quot;:{&quot;unit&quot;:&quot;px&quot;,&quot;size&quot;:10,&quot;sizes&quot;:[]},&quot;link_to&quot;:&quot;file&quot;,&quot;aspect_ratio&quot;:&quot;3:2&quot;,&quot;overlay_background&quot;:&quot;yes&quot;,&quot;content_hover_animation&quot;:&quot;fade-in&quot;}\" data-widget_type=\"gallery.default\">\n\t\t\t\t<div class=\"elementor-widget-container\">\n\t\t\t\t\t<div class=\"elementor-gallery__container\">\n\t\t\t\t\t\t\t<a class=\"e-gallery-item elementor-gallery-item elementor-animated-content\" href=\"https:\/\/www.eripgip.be\/NewWeb21\/wp-content\/uploads\/2021\/04\/CIP.jpg\" data-elementor-open-lightbox=\"yes\" data-elementor-lightbox-slideshow=\"all-f18a8ae\" data-elementor-lightbox-title=\"Ancien b\u00e2timent ERIP - rue Glibert \u00e0 1000 Bruxelles\">\n\t\t\t\t\t<div class=\"e-gallery-image elementor-gallery-item__image\" data-thumbnail=\"https:\/\/www.eripgip.be\/NewWeb21\/wp-content\/uploads\/2021\/04\/CIP-300x150.jpg\" data-width=\"300\" data-height=\"150\" alt=\"\" ><\/div>\n\t\t\t\t\t\t\t\t\t\t<div class=\"elementor-gallery-item__overlay\"><\/div>\n\t\t\t\t\t\t\t\t\t\t\t\t\t\t<\/a>\n\t\t\t\t\t\t\t<a class=\"e-gallery-item elementor-gallery-item elementor-animated-content\" href=\"https:\/\/www.eripgip.be\/NewWeb21\/wp-content\/uploads\/2021\/04\/btiment_erip.jpg\" data-elementor-open-lightbox=\"yes\" data-elementor-lightbox-slideshow=\"all-f18a8ae\" data-elementor-lightbox-title=\"Ancien b\u00e2timent ERIP - avenue des Anciens Combattants \u00e0 1140 EVERE\">\n\t\t\t\t\t<div class=\"e-gallery-image elementor-gallery-item__image\" data-thumbnail=\"https:\/\/www.eripgip.be\/NewWeb21\/wp-content\/uploads\/2021\/04\/btiment_erip-300x199.jpg\" data-width=\"300\" data-height=\"199\" alt=\"\" ><\/div>\n\t\t\t\t\t\t\t\t\t\t<div class=\"elementor-gallery-item__overlay\"><\/div>\n\t\t\t\t\t\t\t\t\t\t\t\t\t\t<\/a>\n\t\t\t\t\t\t\t<a class=\"e-gallery-item elementor-gallery-item elementor-animated-content\" href=\"https:\/\/www.eripgip.be\/NewWeb21\/wp-content\/uploads\/2021\/04\/Foto-school.png\" data-elementor-open-lightbox=\"yes\" data-elementor-lightbox-slideshow=\"all-f18a8ae\" data-elementor-lightbox-title=\"Campus Blue Star - rue du Planeur \u00e0 1130 HAREN\">\n\t\t\t\t\t<div class=\"e-gallery-image elementor-gallery-item__image\" data-thumbnail=\"https:\/\/www.eripgip.be\/NewWeb21\/wp-content\/uploads\/2021\/04\/Foto-school-300x138.png\" data-width=\"300\" data-height=\"138\" alt=\"\" ><\/div>\n\t\t\t\t\t\t\t\t\t\t<div class=\"elementor-gallery-item__overlay\"><\/div>\n\t\t\t\t\t\t\t\t\t\t\t\t\t\t<\/a>\n\t\t\t\t\t\t\t<a class=\"e-gallery-item elementor-gallery-item elementor-animated-content\" href=\"https:\/\/www.eripgip.be\/NewWeb21\/wp-content\/uploads\/2021\/04\/Foto-school-2.png\" data-elementor-open-lightbox=\"yes\" data-elementor-lightbox-slideshow=\"all-f18a8ae\" data-elementor-lightbox-title=\"Campus Blue Star - rue du Planeur \u00e0 1130 HAREN\">\n\t\t\t\t\t<div class=\"e-gallery-image elementor-gallery-item__image\" data-thumbnail=\"https:\/\/www.eripgip.be\/NewWeb21\/wp-content\/uploads\/2021\/04\/Foto-school-2-300x194.png\" data-width=\"300\" data-height=\"194\" alt=\"\" ><\/div>\n\t\t\t\t\t\t\t\t\t\t<div class=\"elementor-gallery-item__overlay\"><\/div>\n\t\t\t\t\t\t\t\t\t\t\t\t\t\t<\/a>\n\t\t\t\t\t<\/div>\n\t\t\t<\/div>\n\t\t\t\t<\/div>\n\t\t\t\t\t<\/div>\n\t\t<\/div>\n\t\t\t\t\t\t\t<\/div>\n\t\t<\/section>\n\t\t\t\t<section class=\"elementor-section elementor-top-section elementor-element elementor-element-cc17383 elementor-section-boxed elementor-section-height-default elementor-section-height-default\" data-id=\"cc17383\" data-element_type=\"section\">\n\t\t\t\t\t\t<div class=\"elementor-container elementor-column-gap-default\">\n\t\t\t\t\t<div class=\"elementor-column elementor-col-100 elementor-top-column elementor-element elementor-element-83a3045\" data-id=\"83a3045\" data-element_type=\"column\">\n\t\t\t<div class=\"elementor-widget-wrap elementor-element-populated\">\n\t\t\t\t\t\t\t\t<div class=\"elementor-element elementor-element-325d86f elementor-widget elementor-widget-text-editor\" data-id=\"325d86f\" data-element_type=\"widget\" data-widget_type=\"text-editor.default\">\n\t\t\t\t<div class=\"elementor-widget-container\">\n\t\t\t\t\t\t\t\t<p>Les charges li\u00e9es au fonctionnement de l\u2019\u00e9cole devenant trop lourdes pour \u00eatre assum\u00e9es uniquement par la ville de Bruxelles, il a \u00e9t\u00e9 d\u00e9cid\u00e9 d\u00e8s 1992 de trouver une formule associant les autres communes bruxelloises dans la gestion de l\u2019institution. L\u2019ERIP fut alors cr\u00e9\u00e9e mais elle a poursuivi la mission du centre d\u2019instruction de Bruxelles avec de nouveaux moyens et du personnel suppl\u00e9mentaire.<\/p><p>En 2001, \u00e0 la suite de la r\u00e9forme des services de police et de la r\u00e9forme de la formation polici\u00e8re, la mission de l\u2019ERIP a \u00e9t\u00e9 red\u00e9finie telle qu\u2019elle figure actuellement \u00e0 l\u2019article 5 des statuts:<\/p><p>\u00ab\u00a0<em>L\u2019intercommunale a pour mission d\u2019assurer des formations professionnelles pour les membres du personnel de la police int\u00e9gr\u00e9e, structur\u00e9e \u00e0 deux niveaux, ainsi que des formations en rapport avec la s\u00e9curit\u00e9 destin\u00e9es aux membres du personnel d\u2019autres organismes et services publics. Elle vise \u00e0 devenir un centre d\u2019expertise dans ce domaine.\u00a0<\/em><em>Elle accomplira sa mission dans le respect des valeurs d\u00e9mocratiques de l\u2019Etat et des dispositions l\u00e9gales et r\u00e9glementaires se rapportant \u00e0 son objet.<\/em>\u00a0\u00bb<\/p><p>L\u2019institution a \u00e9t\u00e9 agr\u00e9\u00e9e en 2001 par le ministre de l\u2019Int\u00e9rieur pour dispenser les formations aux membres du personnel de la police int\u00e9gr\u00e9e structur\u00e9e \u00e0 deux niveaux.<\/p>\t\t\t\t\t\t<\/div>\n\t\t\t\t<\/div>\n\t\t\t\t\t<\/div>\n\t\t<\/div>\n\t\t\t\t\t\t\t<\/div>\n\t\t<\/section>\n\t\t\t\t\t\t<\/div>\n\t\t\t\t\t<\/div>\n\t\t","protected":false},"excerpt":{"rendered":"<p>L\u2019\u00e9cole R\u00e9gionale et Intercommunale de Police a \u00e9t\u00e9 constitu\u00e9e le 12 janvier 1994. Il s\u2019agit d\u2019une intercommunale associant les 19 communes de la R\u00e9gion de Bruxelles-Capitale \u00e0 laquelle se sont ajout\u00e9s ult\u00e9rieurement les 6 zones de police de la r\u00e9gion&#8230; <a href=\"https:\/\/www.eripgip.be\/NewWeb21\/?page_id=209\" class=\"readmore\">Read more<span class=\"screen-reader-text\">Historique<\/span><span class=\"fa fa-angle-double-right\" aria-hidden=\"true\"><\/span><\/a><\/p>\n","protected":false},"author":1,"featured_media":0,"parent":0,"menu_order":0,"comment_status":"closed","ping_status":"closed","template":"","meta":{"footnotes":""},"class_list":["post-209","page","type-page","status-publish","hentry"],"_links":{"self":[{"href":"https:\/\/www.eripgip.be\/NewWeb21\/index.php?rest_route=\/wp\/v2\/pages\/209","targetHints":{"allow":["GET"]}}],"collection":[{"href":"https:\/\/www.eripgip.be\/NewWeb21\/index.php?rest_route=\/wp\/v2\/pages"}],"about":[{"href":"https:\/\/www.eripgip.be\/NewWeb21\/index.php?rest_route=\/wp\/v2\/types\/page"}],"author":[{"embeddable":true,"href":"https:\/\/www.eripgip.be\/NewWeb21\/index.php?rest_route=\/wp\/v2\/users\/1"}],"replies":[{"embeddable":true,"href":"https:\/\/www.eripgip.be\/NewWeb21\/index.php?rest_route=%2Fwp%2Fv2%2Fcomments&post=209"}],"version-history":[{"count":35,"href":"https:\/\/www.eripgip.be\/NewWeb21\/index.php?rest_route=\/wp\/v2\/pages\/209\/revisions"}],"predecessor-version":[{"id":983,"href":"https:\/\/www.eripgip.be\/NewWeb21\/index.php?rest_route=\/wp\/v2\/pages\/209\/revisions\/983"}],"wp:attachment":[{"href":"https:\/\/www.eripgip.be\/NewWeb21\/index.php?rest_route=%2Fwp%2Fv2%2Fmedia&parent=209"}],"curies":[{"name":"wp","href":"https:\/\/api.w.org\/{rel}","templated":true}]}}