{"id":203,"date":"2021-03-14T13:24:47","date_gmt":"2021-03-14T13:24:47","guid":{"rendered":"http:\/\/www.eripgip.be\/NewWeb21\/?page_id=203"},"modified":"2025-03-11T12:21:12","modified_gmt":"2025-03-11T12:21:12","slug":"inspecteur-principale-de-police","status":"publish","type":"page","link":"https:\/\/www.eripgip.be\/NewWeb21\/?page_id=203","title":{"rendered":"Inspecteur principale de police"},"content":{"rendered":"\t\t<div data-elementor-type=\"wp-page\" data-elementor-id=\"203\" class=\"elementor elementor-203\" data-elementor-settings=\"[]\">\n\t\t\t\t\t\t\t<div class=\"elementor-section-wrap\">\n\t\t\t\t\t\t\t<section class=\"elementor-section elementor-top-section elementor-element elementor-element-40a95c54 elementor-section-boxed elementor-section-height-default elementor-section-height-default\" data-id=\"40a95c54\" data-element_type=\"section\">\n\t\t\t\t\t\t<div class=\"elementor-container elementor-column-gap-default\">\n\t\t\t\t\t<div class=\"elementor-column elementor-col-100 elementor-top-column elementor-element elementor-element-c694bc1\" data-id=\"c694bc1\" data-element_type=\"column\">\n\t\t\t<div class=\"elementor-widget-wrap elementor-element-populated\">\n\t\t\t\t\t\t\t\t<div class=\"elementor-element elementor-element-5953b44c elementor-widget elementor-widget-text-editor\" data-id=\"5953b44c\" data-element_type=\"widget\" data-widget_type=\"text-editor.default\">\n\t\t\t\t<div class=\"elementor-widget-container\">\n\t\t\t\t\t\t\t\t<p><img loading=\"lazy\" decoding=\"async\" class=\"alignnone wp-image-4542 size-medium\" src=\"https:\/\/www.eripgip.be\/NewWeb21\/wp-content\/uploads\/2025\/03\/Proclamation-INP-de-la-Prom-70-a-BPA-Bravo-a-nos-aspirants-300x200.jpg\" alt=\"\" width=\"300\" height=\"200\" srcset=\"https:\/\/www.eripgip.be\/NewWeb21\/wp-content\/uploads\/2025\/03\/Proclamation-INP-de-la-Prom-70-a-BPA-Bravo-a-nos-aspirants-300x200.jpg 300w, https:\/\/www.eripgip.be\/NewWeb21\/wp-content\/uploads\/2025\/03\/Proclamation-INP-de-la-Prom-70-a-BPA-Bravo-a-nos-aspirants-1024x683.jpg 1024w, https:\/\/www.eripgip.be\/NewWeb21\/wp-content\/uploads\/2025\/03\/Proclamation-INP-de-la-Prom-70-a-BPA-Bravo-a-nos-aspirants-768x512.jpg 768w, https:\/\/www.eripgip.be\/NewWeb21\/wp-content\/uploads\/2025\/03\/Proclamation-INP-de-la-Prom-70-a-BPA-Bravo-a-nos-aspirants-1536x1024.jpg 1536w, https:\/\/www.eripgip.be\/NewWeb21\/wp-content\/uploads\/2025\/03\/Proclamation-INP-de-la-Prom-70-a-BPA-Bravo-a-nos-aspirants.jpg 2048w\" sizes=\"auto, (max-width: 300px) 100vw, 300px\" \/><\/p><p style=\"text-align: center;\"><strong>Inspecteur Principal<\/strong><\/p><p><a href=\"https:\/\/www.academie-police.be\/categorie-formation\/formations-de-base\/\"><strong>Formations de base<\/strong><\/a><\/p><p><strong>DESCRIPTIF<\/strong><\/p><p><strong>La formation de base d\u2019inspecteur principal est la formation professionnelle (d\u2019une dur\u00e9e de 9 mois) que l\u2019aspirant (l\u2019\u00e9l\u00e8ve qui commence la formation) suit et doit r\u00e9ussir afin d\u2019obtenir un premier emploi en tant qu\u2019inspecteur principal de police (non sp\u00e9cialis\u00e9).<\/strong><\/p><p>Les enseignants et moniteurs qui dispensent les cours sont des experts dans leur domaine, avec lesquels vous serez amen\u00e9s \u00e0 travailler sur le terrain. Ils vous feront d\u00e9couvrir les diff\u00e9rents facettes de la fonction de cadre moyen. A titre d\u2019exemples :<\/p><ul><li>Membres de la police locale et f\u00e9d\u00e9rale : intervention, enqu\u00eate et recherche (SER), laboratoires \u2026\u00a0;<\/li><li>Magistrats, avocats\u00a0;<\/li><li>Autres professionnels de terrain (fonctionnaires, psy, \u2026).<\/li><\/ul><p><strong>PROGRAMME<\/strong><\/p><p>La formation d\u00e9bute par\u00a0<strong>une journ\u00e9e d\u2019accueil<\/strong>\u00a0au cours de laquelle l\u2019acad\u00e9mie de police planifie librement les activit\u00e9s.<\/p><p>Cette journ\u00e9e vous offre la possibilit\u00e9 d\u2019\u00eatre accueilli et d\u2019avoir un premier aper\u00e7u du programme, des objectifs de la formation ou encore de conna\u00eetre le fonctionnement de l\u2019\u00e9cole de police.<\/p><p>Le programme de formation \u00e0 proprement parler commence ensuite et comporte des modules de cours, des exercices pratiques int\u00e9gr\u00e9s de mise en application des connaissances th\u00e9oriques et des stages dans une zone de la Police locale ou une unit\u00e9 de la Police f\u00e9d\u00e9rale.<\/p><p>Lors de ces derniers, l\u2019aspirant est accompagn\u00e9 par un mentor pour l\u2019ex\u00e9cution des activit\u00e9s-cl\u00e9s et la r\u00e9alisation des objectifs du stage.\u00a0\u00a0\u00a0\u00a0\u00a0\u00a0\u00a0<\/p><p>Dans ce cadre, il r\u00e9alise \u00e9galement un travail personnel (projet) qui sanctionnera la fin de la formation et t\u00e9moignera de l\u2019acquisition des comp\u00e9tences de management inh\u00e9rentes \u00e0 l\u2019exercice de la fonction de cadre moyen. \u00a0<\/p><p><strong>\u00a0<\/strong><\/p><p><strong>\u00a0<\/strong><\/p><p><strong>\u00a0<\/strong><\/p><p><strong>\u00a0<\/strong><\/p><p><strong><u>Programme des cours<\/u><\/strong><strong>\u00a0:<\/strong><\/p><ul><li>Module 1\u00a0: La place, la fonction et le r\u00f4le des services de police dans notre soci\u00e9t\u00e9 (min. 12 heures)\u00a0;<\/li><li>Module 2\u00a0: La place, la fonction et le r\u00f4le des cadres au sein de la police int\u00e9gr\u00e9e (min. 30 heures)\u00a0;<\/li><li>Module 3\u00a0:\u00a0Comp\u00e9tences de base de l\u2019inspecteur principal de police (min. 68 heures)\u00a0;<\/li><li>Module 4\u00a0:\u00a0Acquisition des comp\u00e9tences de base en management et gestion des ressources humaines (min. 56 heures)\u00a0;<\/li><li>Module 5\u00a0: Conduite d\u2019une \u00e9quipe dans un r\u00f4le de direction op\u00e9rationnelle (min. 68 heures)\u00a0;<\/li><li>Stage de formation en management et leadership (min. 40 heures)\u00a0;<\/li><li>Module 6\u00a0:\u00a0Maintien et r\u00e9tablissement de l\u2019ordre public (min. 64 heures)\u00a0;<\/li><li>Module 7\u00a0:\u00a0Police administrative sp\u00e9ciale (min. 60 heures)\u00a0;<\/li><li>Module 8\u00a0:\u00a0Roulage et circulation routi\u00e8re (min. 50 heures)\u00a0;<\/li><li>Module 9\u00a0: Missions courantes (min. 192 heures)\u00a0;<\/li><li>Module 10\u00a0:\u00a0Situations sp\u00e9cifiques (min. 32 heures)\u00a0;<\/li><li>Module 11\u00a0:\u00a0Ph\u00e9nom\u00e8nes d\u2019actualit\u00e9 (min. 8 heures)\u00a0;<\/li><li>Module 12\u00a0:\u00a0Entra\u00eenement physique et mental (min. 36 heures)\u00a0;<\/li><li>Module 13\u00a0: Ma\u00eetrise de la violence (min. 44 heures)\u00a0;<\/li><li>Module 14\u00a0:\u00a0Deuxi\u00e8me langue : n\u00e9erlandais (min. 30 heures)\u00a0;<\/li><li>Stage de formation en situations op\u00e9rationnelles (min. 120 heures).<\/li><\/ul><p>Soit un total de min. 750 heures de cours et de min. 160 heures de stages.\u00a0\u00a0<\/p><h3>Dur\u00e9e<\/h3><p>9 mois<\/p><h3>Lieu<\/h3><p>Campus Safe Brussels<\/p><h3>Pr\u00e9requis<\/h3><p>Avoir r\u00e9ussi les \u00e9preuves de s\u00e9lection<\/p><h3>Horaire<\/h3><p>de 08:15 \u00e0 16:05 heures<\/p><p><img loading=\"lazy\" decoding=\"async\" class=\"size-full wp-image-94 alignleft\" src=\"http:\/\/www.moose-activities.eu\/eripgip\/wp-content\/uploads\/2020\/12\/INPP_polloc.jpg\" alt=\"\" width=\"100\" height=\"34\" \/> <img loading=\"lazy\" decoding=\"async\" class=\"size-full wp-image-93 alignleft\" src=\"http:\/\/www.moose-activities.eu\/eripgip\/wp-content\/uploads\/2020\/12\/INPP_polfed.jpg\" alt=\"\" width=\"100\" height=\"34\" \/><\/p>\t\t\t\t\t\t<\/div>\n\t\t\t\t<\/div>\n\t\t\t\t\t<\/div>\n\t\t<\/div>\n\t\t\t\t\t\t\t<\/div>\n\t\t<\/section>\n\t\t\t\t\t\t<\/div>\n\t\t\t\t\t<\/div>\n\t\t","protected":false},"excerpt":{"rendered":"<p>Inspecteur Principal Formations de base DESCRIPTIF La formation de base d\u2019inspecteur principal est la formation professionnelle (d\u2019une dur\u00e9e de 9 mois) que l\u2019aspirant (l\u2019\u00e9l\u00e8ve qui commence la formation) suit et doit r\u00e9ussir afin d\u2019obtenir un premier emploi en tant qu\u2019inspecteur&#8230; <a href=\"https:\/\/www.eripgip.be\/NewWeb21\/?page_id=203\" class=\"readmore\">Read more<span class=\"screen-reader-text\">Inspecteur principale de police<\/span><span class=\"fa fa-angle-double-right\" aria-hidden=\"true\"><\/span><\/a><\/p>\n","protected":false},"author":1,"featured_media":0,"parent":0,"menu_order":0,"comment_status":"closed","ping_status":"closed","template":"","meta":{"footnotes":""},"class_list":["post-203","page","type-page","status-publish","hentry"],"_links":{"self":[{"href":"https:\/\/www.eripgip.be\/NewWeb21\/index.php?rest_route=\/wp\/v2\/pages\/203","targetHints":{"allow":["GET"]}}],"collection":[{"href":"https:\/\/www.eripgip.be\/NewWeb21\/index.php?rest_route=\/wp\/v2\/pages"}],"about":[{"href":"https:\/\/www.eripgip.be\/NewWeb21\/index.php?rest_route=\/wp\/v2\/types\/page"}],"author":[{"embeddable":true,"href":"https:\/\/www.eripgip.be\/NewWeb21\/index.php?rest_route=\/wp\/v2\/users\/1"}],"replies":[{"embeddable":true,"href":"https:\/\/www.eripgip.be\/NewWeb21\/index.php?rest_route=%2Fwp%2Fv2%2Fcomments&post=203"}],"version-history":[{"count":10,"href":"https:\/\/www.eripgip.be\/NewWeb21\/index.php?rest_route=\/wp\/v2\/pages\/203\/revisions"}],"predecessor-version":[{"id":4546,"href":"https:\/\/www.eripgip.be\/NewWeb21\/index.php?rest_route=\/wp\/v2\/pages\/203\/revisions\/4546"}],"wp:attachment":[{"href":"https:\/\/www.eripgip.be\/NewWeb21\/index.php?rest_route=%2Fwp%2Fv2%2Fmedia&parent=203"}],"curies":[{"name":"wp","href":"https:\/\/api.w.org\/{rel}","templated":true}]}}