{"id":201,"date":"2021-03-14T13:24:10","date_gmt":"2021-03-14T13:24:10","guid":{"rendered":"http:\/\/www.eripgip.be\/NewWeb21\/?page_id=201"},"modified":"2025-03-11T12:24:05","modified_gmt":"2025-03-11T12:24:05","slug":"inspecteur-de-police","status":"publish","type":"page","link":"https:\/\/www.eripgip.be\/NewWeb21\/?page_id=201","title":{"rendered":"Inspecteur de police"},"content":{"rendered":"\t\t<div data-elementor-type=\"wp-page\" data-elementor-id=\"201\" class=\"elementor elementor-201\" data-elementor-settings=\"[]\">\n\t\t\t\t\t\t\t<div class=\"elementor-section-wrap\">\n\t\t\t\t\t\t\t<section class=\"elementor-section elementor-top-section elementor-element elementor-element-7168525b elementor-section-boxed elementor-section-height-default elementor-section-height-default\" data-id=\"7168525b\" data-element_type=\"section\">\n\t\t\t\t\t\t<div class=\"elementor-container elementor-column-gap-default\">\n\t\t\t\t\t<div class=\"elementor-column elementor-col-100 elementor-top-column elementor-element elementor-element-1e73646\" data-id=\"1e73646\" data-element_type=\"column\">\n\t\t\t<div class=\"elementor-widget-wrap elementor-element-populated\">\n\t\t\t\t\t\t\t\t<div class=\"elementor-element elementor-element-5316ae5 elementor-widget elementor-widget-text-editor\" data-id=\"5316ae5\" data-element_type=\"widget\" data-widget_type=\"text-editor.default\">\n\t\t\t\t<div class=\"elementor-widget-container\">\n\t\t\t\t\t\t\t\t<figure id=\"attachment_4542\" aria-describedby=\"caption-attachment-4542\" style=\"width: 300px\" class=\"wp-caption aligncenter\"><img loading=\"lazy\" decoding=\"async\" class=\"wp-image-4542 size-medium\" src=\"https:\/\/www.eripgip.be\/NewWeb21\/wp-content\/uploads\/2025\/03\/Proclamation-INP-de-la-Prom-70-a-BPA-Bravo-a-nos-aspirants-300x200.jpg\" alt=\"\" width=\"300\" height=\"200\" srcset=\"https:\/\/www.eripgip.be\/NewWeb21\/wp-content\/uploads\/2025\/03\/Proclamation-INP-de-la-Prom-70-a-BPA-Bravo-a-nos-aspirants-300x200.jpg 300w, https:\/\/www.eripgip.be\/NewWeb21\/wp-content\/uploads\/2025\/03\/Proclamation-INP-de-la-Prom-70-a-BPA-Bravo-a-nos-aspirants-1024x683.jpg 1024w, https:\/\/www.eripgip.be\/NewWeb21\/wp-content\/uploads\/2025\/03\/Proclamation-INP-de-la-Prom-70-a-BPA-Bravo-a-nos-aspirants-768x512.jpg 768w, https:\/\/www.eripgip.be\/NewWeb21\/wp-content\/uploads\/2025\/03\/Proclamation-INP-de-la-Prom-70-a-BPA-Bravo-a-nos-aspirants-1536x1024.jpg 1536w, https:\/\/www.eripgip.be\/NewWeb21\/wp-content\/uploads\/2025\/03\/Proclamation-INP-de-la-Prom-70-a-BPA-Bravo-a-nos-aspirants.jpg 2048w\" sizes=\"auto, (max-width: 300px) 100vw, 300px\" \/><figcaption id=\"caption-attachment-4542\" class=\"wp-caption-text\">Prom 70 INP<\/figcaption><\/figure><p><strong>Inspecteur \u00a0<\/strong><\/p><p><a href=\"https:\/\/www.academie-police.be\/categorie-formation\/formations-de-base\/\"><strong>Formations de base<\/strong><\/a><\/p><p><strong>DESCRIPTIF<\/strong><\/p><p><strong>La formation du cadre de base est la formation professionnelle (d\u2019une dur\u00e9e de 12 mois) que l\u2019aspirant (l\u2019\u00e9l\u00e8ve qui commence la formation) suit et doit r\u00e9ussir afin d\u2019obtenir un premier emploi en tant qu\u2019Inspecteur.<\/strong><\/p><p>Les enseignants et moniteurs qui dispensent les cours sont des experts dans leur domaine, avec lesquels vous serez amen\u00e9s \u00e0 travailler sur le terrain. Ils vous feront d\u00e9couvrir les diff\u00e9rents facettes du m\u00e9tier de policier. A titre d\u2019exemples :<\/p><ul><li>Membres de la police locale et f\u00e9d\u00e9rale : intervention, enqu\u00eate et recherche (SER), laboratoires \u2026\u00a0;<\/li><li>Magistrats, avocats\u00a0;<\/li><li>Autres professionnels de terrain (fonctionnaires, psy, \u2026).<\/li><\/ul><h2>PROGRAMME<\/h2><p>La formation d\u00e9bute par\u00a0<strong>deux journ\u00e9es d\u2019accueil<\/strong>\u00a0au cours desquelles l\u2019acad\u00e9mie de police planifie librement les activit\u00e9s.<\/p><p>Ces deux journ\u00e9es vous offrent la possibilit\u00e9 d\u2019\u00eatre accueilli et d\u2019avoir un premier aper\u00e7u du programme, des objectifs de la formation ou encore de conna\u00eetre le fonctionnement de l\u2019\u00e9cole de police.<\/p><p>A la suite de ces deux journ\u00e9es, le programme de formation \u00e0 proprement parler commence et est articul\u00e9 en deux blocs.<\/p><p>Les activit\u00e9s de formation (cours th\u00e9oriques et exercices pratiques int\u00e9gr\u00e9s) sont structur\u00e9es en 2 blocs et 15 clusters\u00a0: 5 clusters au cours du premier bloc, 6 clusters au cours du deuxi\u00e8me bloc et 4 clusters transversaux organis\u00e9s sur les deux blocs. \u00a0<\/p><p>Pour les clusters 1, 3 et 7 \u00e0 13, les connaissances sont mises en pratique par le biais de l\u2019apprentissage en alternance effectu\u00e9 dans une zone de la Police locale ou une unit\u00e9 de la Police f\u00e9d\u00e9rale. Au cours de celui-ci, l\u2019aspirant est suivi par un accompagnateur pour l\u2019ex\u00e9cution des activit\u00e9s-cl\u00e9s et la r\u00e9alisation des objectifs de l\u2019alternance.<\/p><p><strong>\u00a0<\/strong><\/p><p><strong>\u00a0<\/strong><\/p><p><strong>Programme des cours :\u00a0<\/strong><\/p><p><strong>Bloc 1\u00a0:<\/strong><\/p><ul><li>Cluster 1\u00a0:Les services de police vis-\u00e0-vis des organisations administrative et judiciaire (40 heures d\u2019\u00e9tude*) ;<\/li><li>Cluster 2\u00a0: Loi sur la fonction de Police (40 heures d\u2019\u00e9tude) ;<\/li><li>Cluster 3\u00a0: La d\u00e9ontologie polici\u00e8re (24 heures d\u2019\u00e9tude) ;<\/li><li>Cluster 4\u00a0: Introduction au Droit (60 heures d\u2019\u00e9tude) ;<\/li><li>Cluster 5\u00a0: Code de la route (30 heures d\u2019\u00e9tude).<\/li><\/ul><p><strong>Bloc 2\u00a0:<\/strong><\/p><ul><li>Cluster 6\u00a0: Domaines sp\u00e9cifiques du droit (120 heures d\u2019\u00e9tude) ;<\/li><li>Cluster 7\u00a0: Management des informations (122 heures d\u2019\u00e9tude) ;<\/li><li>Cluster 8\u00a0: Accueil et assistance policiers (78 heures d\u2019\u00e9tude) ;<\/li><li>Cluster 9\u00a0: Interventions polici\u00e8res (176 heures d\u2019\u00e9tude) ;<\/li><li>Cluster 10\u00a0: Enqu\u00eater (100 heures d\u2019\u00e9tude) ;<\/li><li>Cluster 11\u00a0: Circulation (114 heures d\u2019\u00e9tude).<\/li><\/ul><p><strong>Clusters transversaux, au cours des blocs 1 et 2\u00a0:<\/strong><\/p><ul><li>Cluster 12\u00a0: Contexte soci\u00e9tal (32 heures d\u2019\u00e9tude) ;<\/li><li>Cluster 13\u00a0: Communication (100 heures d\u2019\u00e9tude) ;<\/li><li>Cluster 14\u00a0: Sport (90 heures d\u2019\u00e9tude) ;<\/li><li>Cluster 15\u00a0: Gestion de la violence et du stress (188 heures d\u2019\u00e9tude).<\/li><\/ul><p>(*) <em>Nombre total d\u2019heures consacr\u00e9es \u00e0 un cluster. Ces heures comprennent tant les heures de contact, les heures consacr\u00e9es \u00e0 la pr\u00e9paration et \u00e0 l\u2019ex\u00e9cution des missions, que le temps accord\u00e9 par l\u2019\u00e9cole de police pour l\u2019\u00e9tude d\u2019un cluster.<\/em><\/p><p>Soit un total de 1314 heures d\u2019\u00e9tude et de 328 heures d\u2019apprentissage en alternance. \u00a0\u00a0<\/p><h3>Dur\u00e9e<\/h3><p>12 mois<\/p><h3>Lieu<\/h3><p>Campus Safe Brussels<\/p><h3>Horaire des cours<\/h3><p>de 08:15 \u00e0 16:05 heures<\/p><p><img loading=\"lazy\" decoding=\"async\" class=\"size-full wp-image-92 alignleft\" src=\"http:\/\/www.moose-activities.eu\/eripgip\/wp-content\/uploads\/2020\/12\/INP_polloc.jpg\" alt=\"\" width=\"100\" height=\"35\" \/> <img loading=\"lazy\" decoding=\"async\" class=\"size-full wp-image-91 alignleft\" src=\"http:\/\/www.moose-activities.eu\/eripgip\/wp-content\/uploads\/2020\/12\/INP_polfed.jpg\" alt=\"\" width=\"100\" height=\"35\" \/><\/p>\t\t\t\t\t\t<\/div>\n\t\t\t\t<\/div>\n\t\t\t\t\t<\/div>\n\t\t<\/div>\n\t\t\t\t\t\t\t<\/div>\n\t\t<\/section>\n\t\t\t\t\t\t<\/div>\n\t\t\t\t\t<\/div>\n\t\t","protected":false},"excerpt":{"rendered":"<p>Inspecteur \u00a0 Formations de base DESCRIPTIF La formation du cadre de base est la formation professionnelle (d\u2019une dur\u00e9e de 12 mois) que l\u2019aspirant (l\u2019\u00e9l\u00e8ve qui commence la formation) suit et doit r\u00e9ussir afin d\u2019obtenir un premier emploi en tant qu\u2019Inspecteur&#8230;. <a href=\"https:\/\/www.eripgip.be\/NewWeb21\/?page_id=201\" class=\"readmore\">Read more<span class=\"screen-reader-text\">Inspecteur de police<\/span><span class=\"fa fa-angle-double-right\" aria-hidden=\"true\"><\/span><\/a><\/p>\n","protected":false},"author":1,"featured_media":0,"parent":0,"menu_order":0,"comment_status":"closed","ping_status":"closed","template":"","meta":{"footnotes":""},"class_list":["post-201","page","type-page","status-publish","hentry"],"_links":{"self":[{"href":"https:\/\/www.eripgip.be\/NewWeb21\/index.php?rest_route=\/wp\/v2\/pages\/201","targetHints":{"allow":["GET"]}}],"collection":[{"href":"https:\/\/www.eripgip.be\/NewWeb21\/index.php?rest_route=\/wp\/v2\/pages"}],"about":[{"href":"https:\/\/www.eripgip.be\/NewWeb21\/index.php?rest_route=\/wp\/v2\/types\/page"}],"author":[{"embeddable":true,"href":"https:\/\/www.eripgip.be\/NewWeb21\/index.php?rest_route=\/wp\/v2\/users\/1"}],"replies":[{"embeddable":true,"href":"https:\/\/www.eripgip.be\/NewWeb21\/index.php?rest_route=%2Fwp%2Fv2%2Fcomments&post=201"}],"version-history":[{"count":10,"href":"https:\/\/www.eripgip.be\/NewWeb21\/index.php?rest_route=\/wp\/v2\/pages\/201\/revisions"}],"predecessor-version":[{"id":4549,"href":"https:\/\/www.eripgip.be\/NewWeb21\/index.php?rest_route=\/wp\/v2\/pages\/201\/revisions\/4549"}],"wp:attachment":[{"href":"https:\/\/www.eripgip.be\/NewWeb21\/index.php?rest_route=%2Fwp%2Fv2%2Fmedia&parent=201"}],"curies":[{"name":"wp","href":"https:\/\/api.w.org\/{rel}","templated":true}]}}