{"id":189,"date":"2021-03-14T13:19:30","date_gmt":"2021-03-14T13:19:30","guid":{"rendered":"http:\/\/www.eripgip.be\/NewWeb21\/?page_id=189"},"modified":"2021-04-14T09:04:43","modified_gmt":"2021-04-14T09:04:43","slug":"infrastructure-securite","status":"publish","type":"page","link":"https:\/\/www.eripgip.be\/NewWeb21\/?page_id=189","title":{"rendered":"Infrastructure &#038; S\u00e9curit\u00e9"},"content":{"rendered":"\t\t<div data-elementor-type=\"wp-page\" data-elementor-id=\"189\" class=\"elementor elementor-189\" data-elementor-settings=\"[]\">\n\t\t\t\t\t\t\t<div class=\"elementor-section-wrap\">\n\t\t\t\t\t\t\t<section class=\"elementor-section elementor-top-section elementor-element elementor-element-62a6d5e1 elementor-section-boxed elementor-section-height-default elementor-section-height-default\" data-id=\"62a6d5e1\" data-element_type=\"section\">\n\t\t\t\t\t\t<div class=\"elementor-container elementor-column-gap-default\">\n\t\t\t\t\t<div class=\"elementor-column elementor-col-100 elementor-top-column elementor-element elementor-element-22272c4c\" data-id=\"22272c4c\" data-element_type=\"column\">\n\t\t\t<div class=\"elementor-widget-wrap elementor-element-populated\">\n\t\t\t\t\t\t\t\t<div class=\"elementor-element elementor-element-5213b5e3 elementor-widget elementor-widget-text-editor\" data-id=\"5213b5e3\" data-element_type=\"widget\" data-widget_type=\"text-editor.default\">\n\t\t\t\t<div class=\"elementor-widget-container\">\n\t\t\t\t\t\t\t\t<div class=\"page\" title=\"Page 6\"><div class=\"layoutArea\"><div class=\"column\"><p>Les <strong>plans d\u2019\u00e9vacuation<\/strong> sont affich\u00e9s sur chaque palier de chaque niveau. Les proc\u00e9dures d\u2019\u00e9vacuation sont dispens\u00e9es aux personnes form\u00e9es de chaque \u00e9cole qui veilleront \u00e0 leur respect. Un point de rassemblement est implant\u00e9 \u00e0 l\u2019ext\u00e9rieur du site (\u00e0 gauche de l\u2019entr\u00e9e du b\u00e2timent) et mat\u00e9rialis\u00e9 par ce logo:\u00a0<\/p><div class=\"page\" title=\"Page 6\"><div class=\"layoutArea\"><div class=\"column\"><div class=\"page\" title=\"Page 6\"><img decoding=\"async\" class=\"aligncenter\" style=\"color: var( --e-global-color-text ); font-family: var( --e-global-typography-text-font-family ), Sans-serif; font-weight: var( --e-global-typography-text-font-weight );\" src=\"data:image\/png;base64,iVBORw0KGgoAAAANSUhEUgAAAF0AAABhCAYAAAC0ya0VAAAQgklEQVR4Ae2diVMUSb7H9x+YEXTWndmN2Tcx7ov3dmJmd2c34sXbFRURFpVTEFQabwed8UCRSxQEBOSwBVEBRRBEBUcFRFFEwZND8UJFGI9xPBhYz\/EWFL8bv2yzuqrphu5Gu6s3uowks6qyMn\/56V\/9KjPrl+WvYN1MTuBXJq\/RWiGs0M2gBFboVuhmIGCGKq2aboVuBgJmqNKq6VboZiBghirNoul3795F688\/s9B86RIuXrjQp1B3vAYVe\/f2LewpR1lxiUEh51A+nnU+N\/hnMzn0hvoT8HAfg\/ET\/Cw6jJnnj\/4ZLnj88om8ob94+RIebh5wcXGzaOCkML9PcoFN\/Ah5Q+\/q6sKcWd\/BfugwuLq6WzR0lzA\/fLhoiLyht7e3QzFewYBbOnTv7xSwiR2BL5c4yxv6rBnfCMAtGfq4iX4YuGo0bBf+A6uKV+Fvq7zlaV7S09IkwAm6m7unRZqXoUu9YRs6mEEvPboTSQeU8oLe0dmJZUtjugG3VOhjAhX4INIe7svHM+g3229hzIYZ8oH+5k0XFgYu0ArcIqFPUuCTOGcGO21nKgZFOOL+4wfysum52dk6gRN0S+unO0X6wjbEjkFvvHoBvimTUN9ULx\/odTU1cHJ06hG6p6eXxdh03luhh+evQ4bhZWcHgtaHIL8iVx7Qjx4+gpEjR\/UInDTdUqD7BihgmzSSaThB90zyY6PPDeUbEJG72PzQT9TWw37Y8F6BWxL0L+M9BeAEfXLqdAa96nQl\/JRTzAv99s2b8PLw1As4Qffy8pa9eVH1VoZphd72oJ0NjlwyFebpvbS1\/Qy\/cRP0Bs6ge4+VNXTfqQp8Eq\/qrZCG88A1vf3BHURvikFQcaTpoZ862QB3VzeDgMsd+rgpfvivFa5Cb4UDF5uXa63X8PTFU\/wueZRpodOM4dgx3gYDlzt0p6W+sHnbPRQDF0Mnw3751hXT2nQa\/CyYG2gUcILu4zNOlubFJ4AmsxwEc9IT9LKaEtNCj4pYYjRw2UJXKPBZgotO4JqaPmnlDNNBX5m8ok\/A5QrdNdQP\/cKH6AW9rGYXy2eSlxiZazP6DJyg+\/rKy7zw3spni3SbFq7pNOdiH+thGuglR4rhMNnlnYQxCxTwCvKXRRiz0F\/orVCX0D1hnE5td4v3hWOMesD03jV9QWGoTmE0HziWtP9hrAM+jFZpOEHPKsvUu51W6KJBjCE\/Ooc+NMaVDfML9ufJE3q\/SHvYhEuHyLyhNksc0C\/CXm\/B+XXvMibZBizvPqKkOmxCh2CQ0k2Qj6B7ZwVgy8EC+UIfuMwJe5oqkHgoXSv4gbFOyK7PNxt4Ap51PA9jMqcKYPkPSsBDSqPR9vgOZu4IQ\/\/woSDoyXuVeNHZgXlZCyE\/TV\/miJJL5Wym7Q3eYFZJBGyDVZP7vGEEnRxwEqtSYRMqPcfzvLc42A5hexKYfNqge+YFoLPrtSA\/gSfo5Y372bEdR3Z0g\/73GFVPRZvMJrHpf0hywclbZ5iA9OfOs3sMvNjUcOgvX3cioUoJWxOampnF4Xjc8ZTJJ4ZOGk7Abz68Jcj+04Ob8MyewaBPzpnNjj9+9lgC\/Z\/LvNH1pgvOcWPhFOsJzS6lSaDTr90vygGFp7cLwpPGi00Nh04Z7j57gM\/iRnW7zbVpzbs4tv5UriAXh85NCtdwylDzUz2+WKHSYP4gPX7hOLtWbF5iN8exY9SrqW+qw7zM+ZK2mAw6By\/WeLGpkRt05w0T8eJ1h\/BjkIZz4NQWDn1RbkQ36PkVeQL0ztevELclwXzQSdivU9xx+d41oTHc1PwuabQw3WlOTffO\/gYE\/PK9qxIZyaSI7yoO\/S+RI9Hx6pXEvGw\/VMSuXbophsVmh87Ba2p8Sm2GLKCvPpEjcWPmNlwMnNIculOsF152dkqhH1ZBD8+NZNADs8xoXsSC9493kjxcydTQP9rMqelMgLd\/CPjgdf4SDedt4NCrTlex3Cu+TxHybT9chPuPHwrvRhVKaTfUpDadC8xjTVPDGywH6GT2PPO+gU24nfYQPwLxpSlMZHoj9Gm4etJrza41UG5XYlzKJHb+z5FqzwBqu0mgD0r3QN6ZzThw5UC30HCrgbMWYjlAv\/2oHefamrqF2lun4bxxMgMXvj0GXV2v4ZXkx7R8dJwvQjeECRr\/eYQj8irykViUhNHxvsJxk0CnX5ee\/NTl0meTA3RtclIHwDFjAnsPys3L\/HXBAsxj54+jobmBORetLknHJ2H28F85nZnNJXmRQj6TQefgyU72tskROq0RYsDfTpBx6NxUUkwP1Bvtt+CvnMqaODZ5Iq7cUvWCzAadBHNIG49JufN6DBNy5mDgkhGCZogbpi392zgnxFcoUXZpH1ZWZeCPia56X0vlfZoyCl+u8Ogx\/CHZRfKmXxO6XYw7A9149TyStiWxdGXDAUG\/korUfXWTaro2YH091n\/pCJxqbRQaRwkyA1+lehsE3lA5NKF7Lle5zpXXlaHw4GYmz8Mnvwhy\/UdBn7JxrtAwcSLzZJ5EMw2F2lt+XdCz92SDuoy0UbeRb\/9R0OnNlLZt\/9WjrKvXGzxjz2tC\/1uUKxNjbuYCAfrDJxYK3WaxA6YXzEPR6WIkVCjx9UoviQa7Zk3WxhwpRzPU+YLt8JXSE\/H7UrDtTCm+3RoMm0h1v9oY8JrQqYwpqdORWJSMm+03cfHHJhRVFbIpAhLQYjR9YLQj9l85LIH6pOMZFHnfqe11+DCsOZ4jjGYp847GUnwQpYbqkT2djXLFBR25XouPlzmpyzHwtZ026DPXzMHrrlcoqylDwOq5qD59CE+eq6aMLQb6zIIgMSchXXH5oOQlyIDFw+FXGIisE5sRULwIAzS0uLylUrhWnPh2y8J3Bt0+xp0Bp\/LzK\/JxquUUnnc8tzzoS3YtEzMS0md\/vqi3vaZhfP3N7qNeKixhn3q+xFATo6npmysLBPlqL6gHgRan6RNyZgkNESdKmsrV9prMQshg0Nsp\/5zZ+OMKd9iED5VocOHZHeLLhfTEvNmSfIaA14R+o1016CMHUTIxfLM46LaRDthxcTeXn8UvX3XAMUM118EhTS0KEqZj6XVf8J5YiQetw+rx+OXFI0k5xU270S9K\/wEYr4vHmtCfvXjGyr9wvVlSD0Gn2VNa5EXXzs0KMc2EFxfUmLhf1HCElcZib8tBbKgrgF26D3OH4GX9b7Ib2p\/elTT0aedz+BSIHrYhdhi8ygeZx3Kx74cqRO5ejo9ijAdOdWtC5wKcuXyWJ1lM0Gkehq75bu18ZuP\/muYpvDuQZO5lR+9Pjxjr4aVzSpVPtYapnDbnbQ3RKmpJyz7YhA1RBX6NrjhYtZqZ\/5D6xLqgk3kRb9VnqjEgeAi8Ev3x6KnqbgstiZIX9A8ihyPhcBrKr1SDBji6QknzXgxZ74\/ArWHiNgppgv5F2hjsuLRbZxlUNtVD9dEdpQ9snkcX9GutPwoyUOJPkc74Ysk\/8ctT1ZRAZcN+eZkXm+DBSD+SJRG6p51TrefgmDdVsOc8L7k\/BJSGI+u4+i0\/P6crpnqpfg61t1hf6FQOX3NEmk6eu7Ka8Ppo6Qhc12PqVwwutiIFM7cuxNX719nh1kftCCqNxqiCb0C2Xd\/t+sPb6L\/U8b1CP3L2ECtfVtB\/H6deAJXZkIfnnS+0Mrvz7D6qrx1CRUsVMmrzYBvryICR9tEotl\/0CMRVr8be5gMs37+e3tNaDpW\/si6TnSPvMqq\/Nw3n543RdOrFDI11l5emk4MR\/7ZVcs1qIS0mVnfjJLPVH8U6YWT+dMwtXqwzTCsKwoB4Z3ye6oGaG+oBCy+P6oqqShSgG+LgZAx0qiipKMnyoE\/bFgwa9u9q2sfZ9Rifbj2HgdFO8Nkyp1u+9wGdPrzAtzOXz7A7h9t00vTGq+csD\/qojdPgsW4ab5de8dyiUAxbr+iW911D33JgCxIKVXfOnYd3MSzGXQJ9\/8kKJsO8bWFa7+JuAmoceC\/9dH3MC0EXdxNP3D6tIZpqt\/XRv9B8p4XtLK9QvnfoNeePMsDkzUWudJ5JCuH5wDV9\/jrVBF5EWazlQRe\/uAirUjlrapLf3VKJLedUcy6mgO6+XLXmiKCTzwt\/4Iq7jP8d4cRmHr9a5WXZ0MOrVH7lmtB3NVdg89mdJtN0Dtlt+QQ2AuX7YuiUTilJhfLIGk1x9do3q3kRa7pcoJNjkRi0OD1RqXoG0bEZhQv0AqwtkxW6aHXd36NGI6MsQyd0crmjdaSDEkfjpwc3tPHU69h7gf6bKEfM3RoM0mSnbH8hTfs8fL7ChaW5lPpqOvm28DJ4THU5rpvAjlOa6hdraE9p3k+nT0Wdaj4p8drVdt3CgghUthzkYhsVvxfo2oTVdoyg8U1f6NrK6csxDn1NyWominglhma5\/aId2JQyl9nY2Ar9rXlpvd\/eI3SaREuuTjWWs+Q646CH2MF7\/dRutzm\/3Xk8e0tQj7f6u9Z0t5xJvco0syBQstySNH1Qogvz2iUyujTdfo0PHj6XvrWSkDRgx3DoIXb4tmgh6HVab1tvDqR+G2cKLtfTykOFtNgVm+ZuYqqV7NzsnWr3Zc1bn\/bFC716ki33RAFbsEbXEPTwHdGou1jbbfkLr+PjZY5ovnO5pyINOmcY9BA7jC+a023eW1eNvUHnjXpXsb7QSd6ylgoGnqBvPLYJM9cGsmZoajqthV1zNENXE406bhD0gSmjEFWeCBoZSsJ+JSo0nIlIGjlAP3H7DJKq0qXyvpXfMWcSbBIcMVzpgympM3Dv8QOJeSHgk7fN1zk1bRRxQP\/\/Ro3srzaNpAfMpPx5wqJZsSBygE5vn8LL42G7SPu3DHjvJW1nGmqb6iXQ\/QtmCyusxe3qa9ogTdeETiulaVk4X6VMwtASQv7SwpzQz7erXSgIfEZdDvpr8Rzg0OmbXJllmVhbupYp19crPbp5J\/QVNr\/eaOik4XwdPi+MfFJcigKESSBzQldsn4+j12u5aCwm8DaLpA5MHPr1tp+wOC8KtGzxgyXDsPuSfvP8kgr03DEKujaTwtfx\/CbOWRbQaZn6x\/EjUd6k+tgC8SCNp69g0NJ1ftcSdJL5wduli77pU5FUnaYnPuOyGQxdF3Ba1kgNkdsydXpJrQ28bZhK4wl64NYIHDt\/FArlFMRWrjCOpAFXGQSdgLtsCpC4K5NJES+ckht0UgTSeLGpoY8zzCpbBAJP0LOP5LJPczuuGocnL1VudQYwNDirQdBHZCgkwOmhSRNN\/IPuYk2nRbOqD9lo7zXw2\/tdxv+\/ygeNbU0MAv8KBi9f09QQ+IDvQxj0TTVbEb8zAXsvqU2RwSQNuMAg6OLeCgH\/00r1Z5l440jTf7x\/g31LhR8zZfw\/y10ZeE3oJIPY1Hx\/vgSfxjkz6P+XNhYlF1UfDzKAndFZDYLO4AXbIWj3Mjiul3rccrAEfVxhoPCg4sdNGZPG\/yN9rFYZSOOTjq3FryNVjqdkXtx2qr94ZDRJAy7UG3pjW6MwN3LwWjUOXqsS9sVzJeU\/7AedFx8zR3rfD5U6ZTh07bBwbu8P+9D6S5sByPqeVW\/ofa\/KWgInYIXOSZgwtkI3IWxelRU6J2HC2ArdhLB5VVbonIQJYyt0E8LmVVmhcxImjK3QTQibV2WFzkmYMP43SmJNOrWHAfgAAAAASUVORK5CYII=\" \/><\/div><div title=\"Page 6\">\u00a0<\/div><div title=\"Page 6\"><div class=\"page\" title=\"Page 6\"><div class=\"layoutArea\"><div class=\"column\"><p><strong>L\u2019acc\u00e8s<\/strong> au b\u00e2timent n&#8217;est possible qu&#8217;au moyen d&#8217;un badge individuel. Un passage PMR est r\u00e9serv\u00e9 exclusivement aux personnes \u00e0 mobilit\u00e9 r\u00e9duite. Les passages group\u00e9s sont formellement interdits.<\/p><div class=\"page\" title=\"Page 6\"><div class=\"layoutArea\"><div class=\"column\"><p>Les <strong>objets trouv\u00e9s<\/strong> sont \u00e0 d\u00e9poser \u00e0 l\u2019accueil o\u00f9 ils restent disponibles pendant une p\u00e9riode d\u2019un mois.<\/p><p>Des <strong>douches et sanitaires<\/strong> sont disponibles, veuillez vous munir de votre propre cadenas pour les vestiaires.<\/p><p>La <strong>salle de sport<\/strong> est implant\u00e9e au niveau +1 et est destin\u00e9e aux activit\u00e9s sp\u00e9cifiques des \u00e9coles. La salle de sport n\u2019est pas accessible en dehors des cours de sport pr\u00e9vus.<\/p><p>Lorsque vous quittez une <strong>salle de cours<\/strong>, veillez \u00e0 bien \u00e9teindre les lumi\u00e8res. Les stores sont \u00e0 relever en fin de journ\u00e9e ainsi qu\u2019en cas de vent violent.\u00a0Afin de faciliter le nettoyage des locaux, veillez \u00e0 mettre les chaises sur les tables en fin de journ\u00e9e.<\/p><p>Trois <strong>d\u00e9fibrillateurs<\/strong> sont disponibles selon l\u2019implantation reprise sur le plan d\u2019\u00e9vacuation.\u00a0Un <strong>local infirmerie<\/strong> et <strong>allaitement<\/strong> est disponible au premier \u00e9tage. Si vous d\u00e9sirez utiliser ce local, demandez-en l\u2019acc\u00e8s \u00e0 votre formateur responsable.\u00a0Le pr\u00e9pos\u00e9 du Service de Gardiennage dispose \u00e9galement du brevet de secouriste.<\/p><\/div><\/div><p>Des <strong>valves d\u2019affichage officiel<\/strong> sont install\u00e9s \u00e0 l\u2019entr\u00e9e du r\u00e9fectoire. Les affichages sp\u00e9cifiques \u00e0 votre \u00e9cole seront visibles sur un panneau A4 devant le secr\u00e9tariat \u00e9tudiant, au 4e \u00e9tage. <strong>Seuls les contenus valid\u00e9s par les directions d\u2019\u00e9cole sont autoris\u00e9s<\/strong>.<\/p><\/div><\/div><\/div><\/div><\/div><\/div><\/div><\/div><\/div><\/div><\/div><div class=\"page\" title=\"Page 6\"><div class=\"layoutArea\"><div class=\"column\"><div class=\"page\" title=\"Page 6\"><div class=\"layoutArea\"><div class=\"column\"><div title=\"Page 6\"><div class=\"page\" title=\"Page 6\"><div class=\"layoutArea\"><div class=\"column\"><div class=\"page\" title=\"Page 7\"><div class=\"layoutArea\"><div class=\"column\"><p>Le b\u00e2timent est \u00e9quip\u00e9 d&#8217;un <strong>r\u00e9seau WIFI<\/strong>.\u00a0<\/p><p>Il est possible de commander des <strong>sandwichs<\/strong> pour le midi.\u00a0<\/p><\/div><\/div><\/div><\/div><\/div><\/div><\/div><\/div><\/div><\/div><\/div><\/div><\/div>\t\t\t\t\t\t<\/div>\n\t\t\t\t<\/div>\n\t\t\t\t\t<\/div>\n\t\t<\/div>\n\t\t\t\t\t\t\t<\/div>\n\t\t<\/section>\n\t\t\t\t\t\t<\/div>\n\t\t\t\t\t<\/div>\n\t\t","protected":false},"excerpt":{"rendered":"<p>Les plans d\u2019\u00e9vacuation sont affich\u00e9s sur chaque palier de chaque niveau. Les proc\u00e9dures d\u2019\u00e9vacuation sont dispens\u00e9es aux personnes form\u00e9es de chaque \u00e9cole qui veilleront \u00e0 leur respect. Un point de rassemblement est implant\u00e9 \u00e0 l\u2019ext\u00e9rieur du site (\u00e0 gauche de&#8230; <a href=\"https:\/\/www.eripgip.be\/NewWeb21\/?page_id=189\" class=\"readmore\">Read more<span class=\"screen-reader-text\">Infrastructure &#038; S\u00e9curit\u00e9<\/span><span class=\"fa fa-angle-double-right\" aria-hidden=\"true\"><\/span><\/a><\/p>\n","protected":false},"author":1,"featured_media":0,"parent":0,"menu_order":0,"comment_status":"closed","ping_status":"closed","template":"","meta":{"footnotes":""},"class_list":["post-189","page","type-page","status-publish","hentry"],"_links":{"self":[{"href":"https:\/\/www.eripgip.be\/NewWeb21\/index.php?rest_route=\/wp\/v2\/pages\/189","targetHints":{"allow":["GET"]}}],"collection":[{"href":"https:\/\/www.eripgip.be\/NewWeb21\/index.php?rest_route=\/wp\/v2\/pages"}],"about":[{"href":"https:\/\/www.eripgip.be\/NewWeb21\/index.php?rest_route=\/wp\/v2\/types\/page"}],"author":[{"embeddable":true,"href":"https:\/\/www.eripgip.be\/NewWeb21\/index.php?rest_route=\/wp\/v2\/users\/1"}],"replies":[{"embeddable":true,"href":"https:\/\/www.eripgip.be\/NewWeb21\/index.php?rest_route=%2Fwp%2Fv2%2Fcomments&post=189"}],"version-history":[{"count":7,"href":"https:\/\/www.eripgip.be\/NewWeb21\/index.php?rest_route=\/wp\/v2\/pages\/189\/revisions"}],"predecessor-version":[{"id":602,"href":"https:\/\/www.eripgip.be\/NewWeb21\/index.php?rest_route=\/wp\/v2\/pages\/189\/revisions\/602"}],"wp:attachment":[{"href":"https:\/\/www.eripgip.be\/NewWeb21\/index.php?rest_route=%2Fwp%2Fv2%2Fmedia&parent=189"}],"curies":[{"name":"wp","href":"https:\/\/api.w.org\/{rel}","templated":true}]}}