{"id":165,"date":"2021-03-14T13:02:29","date_gmt":"2021-03-14T13:02:29","guid":{"rendered":"http:\/\/www.eripgip.be\/NewWeb21\/?page_id=165"},"modified":"2021-04-14T09:01:50","modified_gmt":"2021-04-14T09:01:50","slug":"gestion-qualite","status":"publish","type":"page","link":"https:\/\/www.eripgip.be\/NewWeb21\/?page_id=165","title":{"rendered":"Gestion de la qualit\u00e9"},"content":{"rendered":"\t\t<div data-elementor-type=\"wp-page\" data-elementor-id=\"165\" class=\"elementor elementor-165\" data-elementor-settings=\"[]\">\n\t\t\t\t\t\t\t<div class=\"elementor-section-wrap\">\n\t\t\t\t\t\t\t<section class=\"elementor-section elementor-top-section elementor-element elementor-element-5514900 elementor-section-boxed elementor-section-height-default elementor-section-height-default\" data-id=\"5514900\" data-element_type=\"section\">\n\t\t\t\t\t\t<div class=\"elementor-container elementor-column-gap-default\">\n\t\t\t\t\t<div class=\"elementor-column elementor-col-100 elementor-top-column elementor-element elementor-element-162e7bf\" data-id=\"162e7bf\" data-element_type=\"column\">\n\t\t\t<div class=\"elementor-widget-wrap elementor-element-populated\">\n\t\t\t\t\t\t\t\t<div class=\"elementor-element elementor-element-74beaa6 elementor-widget elementor-widget-text-editor\" data-id=\"74beaa6\" data-element_type=\"widget\" data-widget_type=\"text-editor.default\">\n\t\t\t\t<div class=\"elementor-widget-container\">\n\t\t\t\t\t\t\t\t<p><strong>La qualit\u00e9 au sein de l&#8217;ERIP<\/strong><\/p><p>L\u2019 AR du 6 avril 2008 relatif aux standards de qualit\u00e9, aux normes p\u00e9dagogiques et d\u2019encadrement des \u00e9coles de police et au Coll\u00e8ge des Directeurs des \u00e9coles de police, a comme objectif de contribuer \u00e0 la garantie et l\u2019am\u00e9lioration de la qualit\u00e9 de la formation polici\u00e8re.<\/p><p>Le 1 f\u00e9vrier 2009, le projet &#8220;police, une organisation apprenante&#8221; a \u00e9t\u00e9 lanc\u00e9, visant \u00e0 transformer l\u2019organisation polici\u00e8re \u00e0 travers un remodelage de l\u2019enseignement policier et le d\u00e9veloppement d\u2019une politique de ressources humaines.<\/p><p>Entretemps, deux \u00e9valuations, l\u2019une interne et l\u2019autre externe, ont \u00e9t\u00e9 r\u00e9alis\u00e9es :<\/p><ul><li>Dans une premi\u00e8re phase une auto-\u00e9valuation a \u00e9t\u00e9 r\u00e9dig\u00e9e par les diff\u00e9rentes \u00e9coles et pr\u00e9sent\u00e9e sous forme d\u2019un rapport de synth\u00e8se en d\u00e9cembre 2010.<\/li><li>Dans une deuxi\u00e8me phase, un comit\u00e9 d\u2019experts a visit\u00e9 l\u2019ERIP en mai 2011 et a r\u00e9dig\u00e9 un rapport de synth\u00e8se sur notre \u00e9cole.<\/li><\/ul><p>Une analyse de ces rapports et d\u2019autres sources compl\u00e9mentaires ont permis \u00e0 la\u00a0<strong>cellule p\u00e9dagogique de l\u2019ERIP<\/strong> de fixer des objectifs \u00e0 court terme (1 an) et \u00e0 moyen terme (2 ans). Ces objectifs sont pr\u00e9sent\u00e9s de fa\u00e7on structur\u00e9e dans un \u2018plan d\u2019action\u2019. Ce plan d\u2019action reprend alors non seulement les objectifs concrets (premi\u00e8re partie), mais aussi les activit\u00e9s, les moyens et les responsabilit\u00e9s qui y sont li\u00e9s.<\/p><p>Le plan d\u2019action pr\u00e9voit 7 domaines d\u2019action, \u00e0 savoir:<\/p><p style=\"padding-left: 40px;\">A : Soutien p\u00e9dagogique<br \/>B : Gestion de la qualit\u00e9<br \/>C : Participation des \u00e9tudiants<br \/>D : Optimisation des programmes<br \/>E : Innovation et technop\u00e9dagogie<br \/>F : PR-networking-research<br \/>G : Collaboration internationale<\/p>\t\t\t\t\t\t<\/div>\n\t\t\t\t<\/div>\n\t\t\t\t\t<\/div>\n\t\t<\/div>\n\t\t\t\t\t\t\t<\/div>\n\t\t<\/section>\n\t\t\t\t<section class=\"elementor-section elementor-top-section elementor-element elementor-element-1585c44b elementor-section-boxed elementor-section-height-default elementor-section-height-default\" data-id=\"1585c44b\" data-element_type=\"section\">\n\t\t\t\t\t\t<div class=\"elementor-container elementor-column-gap-default\">\n\t\t\t\t\t<div class=\"elementor-column elementor-col-100 elementor-top-column elementor-element elementor-element-41cdc9a\" data-id=\"41cdc9a\" data-element_type=\"column\">\n\t\t\t<div class=\"elementor-widget-wrap\">\n\t\t\t\t\t\t\t\t\t<\/div>\n\t\t<\/div>\n\t\t\t\t\t\t\t<\/div>\n\t\t<\/section>\n\t\t\t\t\t\t<\/div>\n\t\t\t\t\t<\/div>\n\t\t","protected":false},"excerpt":{"rendered":"<p>La qualit\u00e9 au sein de l&#8217;ERIP L\u2019 AR du 6 avril 2008 relatif aux standards de qualit\u00e9, aux normes p\u00e9dagogiques et d\u2019encadrement des \u00e9coles de police et au Coll\u00e8ge des Directeurs des \u00e9coles de police, a comme objectif de contribuer&#8230; <a href=\"https:\/\/www.eripgip.be\/NewWeb21\/?page_id=165\" class=\"readmore\">Read more<span class=\"screen-reader-text\">Gestion de la qualit\u00e9<\/span><span class=\"fa fa-angle-double-right\" aria-hidden=\"true\"><\/span><\/a><\/p>\n","protected":false},"author":1,"featured_media":0,"parent":0,"menu_order":0,"comment_status":"closed","ping_status":"closed","template":"","meta":{"footnotes":""},"class_list":["post-165","page","type-page","status-publish","hentry"],"_links":{"self":[{"href":"https:\/\/www.eripgip.be\/NewWeb21\/index.php?rest_route=\/wp\/v2\/pages\/165","targetHints":{"allow":["GET"]}}],"collection":[{"href":"https:\/\/www.eripgip.be\/NewWeb21\/index.php?rest_route=\/wp\/v2\/pages"}],"about":[{"href":"https:\/\/www.eripgip.be\/NewWeb21\/index.php?rest_route=\/wp\/v2\/types\/page"}],"author":[{"embeddable":true,"href":"https:\/\/www.eripgip.be\/NewWeb21\/index.php?rest_route=\/wp\/v2\/users\/1"}],"replies":[{"embeddable":true,"href":"https:\/\/www.eripgip.be\/NewWeb21\/index.php?rest_route=%2Fwp%2Fv2%2Fcomments&post=165"}],"version-history":[{"count":5,"href":"https:\/\/www.eripgip.be\/NewWeb21\/index.php?rest_route=\/wp\/v2\/pages\/165\/revisions"}],"predecessor-version":[{"id":795,"href":"https:\/\/www.eripgip.be\/NewWeb21\/index.php?rest_route=\/wp\/v2\/pages\/165\/revisions\/795"}],"wp:attachment":[{"href":"https:\/\/www.eripgip.be\/NewWeb21\/index.php?rest_route=%2Fwp%2Fv2%2Fmedia&parent=165"}],"curies":[{"name":"wp","href":"https:\/\/api.w.org\/{rel}","templated":true}]}}