{"id":144,"date":"2021-03-14T12:51:14","date_gmt":"2021-03-14T12:51:14","guid":{"rendered":"http:\/\/www.eripgip.be\/NewWeb21\/?page_id=144"},"modified":"2025-03-11T12:30:52","modified_gmt":"2025-03-11T12:30:52","slug":"agent-de-police","status":"publish","type":"page","link":"https:\/\/www.eripgip.be\/NewWeb21\/?page_id=144","title":{"rendered":"Agent de police"},"content":{"rendered":"\t\t<div data-elementor-type=\"wp-page\" data-elementor-id=\"144\" class=\"elementor elementor-144\" data-elementor-settings=\"[]\">\n\t\t\t\t\t\t\t<div class=\"elementor-section-wrap\">\n\t\t\t\t\t\t\t<section class=\"elementor-section elementor-top-section elementor-element elementor-element-58b92871 elementor-section-boxed elementor-section-height-default elementor-section-height-default\" data-id=\"58b92871\" data-element_type=\"section\">\n\t\t\t\t\t\t<div class=\"elementor-container elementor-column-gap-default\">\n\t\t\t\t\t<div class=\"elementor-column elementor-col-100 elementor-top-column elementor-element elementor-element-839c4a1\" data-id=\"839c4a1\" data-element_type=\"column\">\n\t\t\t<div class=\"elementor-widget-wrap elementor-element-populated\">\n\t\t\t\t\t\t\t\t<div class=\"elementor-element elementor-element-684f0ac4 elementor-widget elementor-widget-text-editor\" data-id=\"684f0ac4\" data-element_type=\"widget\" data-widget_type=\"text-editor.default\">\n\t\t\t\t<div class=\"elementor-widget-container\">\n\t\t\t\t\t\t\t\t<p><img loading=\"lazy\" decoding=\"async\" class=\"wp-image-4551 size-medium aligncenter\" src=\"https:\/\/www.eripgip.be\/NewWeb21\/wp-content\/uploads\/2025\/03\/DSC01463-300x200.jpg\" alt=\"\" width=\"300\" height=\"200\" srcset=\"https:\/\/www.eripgip.be\/NewWeb21\/wp-content\/uploads\/2025\/03\/DSC01463-300x200.jpg 300w, https:\/\/www.eripgip.be\/NewWeb21\/wp-content\/uploads\/2025\/03\/DSC01463-1024x683.jpg 1024w, https:\/\/www.eripgip.be\/NewWeb21\/wp-content\/uploads\/2025\/03\/DSC01463-768x512.jpg 768w, https:\/\/www.eripgip.be\/NewWeb21\/wp-content\/uploads\/2025\/03\/DSC01463-1536x1024.jpg 1536w, https:\/\/www.eripgip.be\/NewWeb21\/wp-content\/uploads\/2025\/03\/DSC01463-2048x1365.jpg 2048w\" sizes=\"auto, (max-width: 300px) 100vw, 300px\" \/>\u00a0<\/p><p>Proclamation des agents du 16.12.2025<\/p><p><strong>Agent<\/strong><\/p><p>\u00a0<\/p><p><strong>La formation de base d\u2019agent est la formation professionnelle (d\u2019une dur\u00e9e de 6 mois) que l\u2019aspirant (l\u2019\u00e9l\u00e8ve qui commence la formation) suit et doit r\u00e9ussir afin d\u2019obtenir un premier emploi en tant qu\u2019agent de police.<\/strong><\/p><p>Les enseignants et moniteurs qui dispensent les cours sont des experts dans leur domaine, avec lesquels vous serez amen\u00e9s \u00e0 travailler sur le terrain. Ils vous feront d\u00e9couvrir les diff\u00e9rents facettes du m\u00e9tier de policier. A titre d\u2019exemples :<\/p><ul><li>Membres de la police locale et f\u00e9d\u00e9rale : intervention, trafic \u2026\u00a0;<\/li><li>Magistrats, avocats\u00a0;<\/li><li>Autres professionnels de terrain (fonctionnaires, psy, \u2026).<\/li><\/ul><h2>PROGRAMME<\/h2><p>La formation d\u00e9bute par\u00a0<strong>deux journ\u00e9es d\u2019accueil<\/strong>\u00a0au cours desquelles l\u2019acad\u00e9mie de police planifie librement les activit\u00e9s.<\/p><p>Ces deux journ\u00e9es vous offrent la possibilit\u00e9 d\u2019\u00eatre accueilli et d\u2019avoir un premier aper\u00e7u du programme, des objectifs de la formation ou encore de conna\u00eetre le fonctionnement de l\u2019\u00e9cole de police.<\/p><p>Le programme de formation \u00e0 proprement parler commence ensuite et comporte des modules de cours, des exercices pratiques int\u00e9gr\u00e9s de mise en application des connaissances th\u00e9oriques et des stages en zone de police.<\/p><p>Lors de ces derniers, l\u2019aspirant est accompagn\u00e9 par un mentor pour l\u2019ex\u00e9cution des activit\u00e9s-cl\u00e9s et la r\u00e9alisation des objectifs du stage.<\/p><p>\u00a0<\/p><p><strong><u>Programme des cours<\/u><\/strong><strong> :\u00a0<\/strong><\/p><ul><li>Module 1\u00a0: La place et le r\u00f4le de l\u2019aspirant dans une \u00e9cole de police (min. 10 heures) ;<\/li><li>Module 2\u00a0: La place, la fonction et le r\u00f4le de la police dans notre soci\u00e9t\u00e9 (min. 34 heures) ;<\/li><li>Module 3\u00a0: La place, la fonction et le r\u00f4le des cadres au sein de la police int\u00e9gr\u00e9e (min. 22 heures) ;<\/li><li>Module 4\u00a0: La police de proximit\u00e9 (min. 28 heures) ;<\/li><li>Stage d\u2019adaptation \u00a0permettant de se familiariser au fonctionnement quotidien et pratique des diverses fonctionnalit\u00e9s de la police locale (min. 24 heures) ;<\/li><li>Module 5\u00a0: Les comp\u00e9tences techniques de base (min. 22 heures) ;<\/li><li>Module 6\u00a0: Initiation aux proc\u00e9d\u00e9s policiers primaires (min. 92 heures) ;<\/li><li>Module 7\u00a0: Approche des ph\u00e9nom\u00e8nes courants (min. 100 heures) ;<\/li><li>Module 8\u00a0: Les ph\u00e9nom\u00e8nes d\u2019actualit\u00e9 (min. 8 heures) ;<\/li><li>Module 9\u00a0: Entra\u00eenement physique et mental (min. 42 heures) ;<\/li><li>Module 10\u00a0: Ma\u00eetrise de la violence (min. 128 heures) ;<\/li><li>Module 11\u00a0: Premi\u00e8re et deuxi\u00e8me langues (min. 50 heures) ;<\/li><li>Exercices int\u00e9gr\u00e9s\u00a0: Intervenir dans le cadre d\u2019exercices int\u00e9gr\u00e9s, dans les situations types les plus fr\u00e9quentes (min. 12 heures) ;<\/li><li>Stage de formation en situations op\u00e9rationnelles (min. 80 heures).<\/li><\/ul><p>Soit un total de minimum 578 heures de cours et de 104 heures de stage.<\/p><p>\u00a0<\/p><h3>Dur\u00e9e<\/h3><p>6 mois<\/p><h3>Lieu<\/h3><p>Campus Safe Brussels<\/p><h3>Horaire des cours<\/h3><p>de 08:15 \u00e0 16:05 heures<\/p><p><img loading=\"lazy\" decoding=\"async\" class=\"size-full wp-image-89 alignleft\" src=\"http:\/\/www.moose-activities.eu\/eripgip\/wp-content\/uploads\/2020\/12\/AP_polloc.jpg\" alt=\"\" width=\"100\" height=\"35\" \/><\/p>\t\t\t\t\t\t<\/div>\n\t\t\t\t<\/div>\n\t\t\t\t\t<\/div>\n\t\t<\/div>\n\t\t\t\t\t\t\t<\/div>\n\t\t<\/section>\n\t\t\t\t\t\t<\/div>\n\t\t\t\t\t<\/div>\n\t\t","protected":false},"excerpt":{"rendered":"<p>\u00a0 Proclamation des agents du 16.12.2025 Agent \u00a0 La formation de base d\u2019agent est la formation professionnelle (d\u2019une dur\u00e9e de 6 mois) que l\u2019aspirant (l\u2019\u00e9l\u00e8ve qui commence la formation) suit et doit r\u00e9ussir afin d\u2019obtenir un premier emploi en tant&#8230; <a href=\"https:\/\/www.eripgip.be\/NewWeb21\/?page_id=144\" class=\"readmore\">Read more<span class=\"screen-reader-text\">Agent de police<\/span><span class=\"fa fa-angle-double-right\" aria-hidden=\"true\"><\/span><\/a><\/p>\n","protected":false},"author":1,"featured_media":0,"parent":0,"menu_order":0,"comment_status":"closed","ping_status":"closed","template":"","meta":{"footnotes":""},"class_list":["post-144","page","type-page","status-publish","hentry"],"_links":{"self":[{"href":"https:\/\/www.eripgip.be\/NewWeb21\/index.php?rest_route=\/wp\/v2\/pages\/144","targetHints":{"allow":["GET"]}}],"collection":[{"href":"https:\/\/www.eripgip.be\/NewWeb21\/index.php?rest_route=\/wp\/v2\/pages"}],"about":[{"href":"https:\/\/www.eripgip.be\/NewWeb21\/index.php?rest_route=\/wp\/v2\/types\/page"}],"author":[{"embeddable":true,"href":"https:\/\/www.eripgip.be\/NewWeb21\/index.php?rest_route=\/wp\/v2\/users\/1"}],"replies":[{"embeddable":true,"href":"https:\/\/www.eripgip.be\/NewWeb21\/index.php?rest_route=%2Fwp%2Fv2%2Fcomments&post=144"}],"version-history":[{"count":10,"href":"https:\/\/www.eripgip.be\/NewWeb21\/index.php?rest_route=\/wp\/v2\/pages\/144\/revisions"}],"predecessor-version":[{"id":4554,"href":"https:\/\/www.eripgip.be\/NewWeb21\/index.php?rest_route=\/wp\/v2\/pages\/144\/revisions\/4554"}],"wp:attachment":[{"href":"https:\/\/www.eripgip.be\/NewWeb21\/index.php?rest_route=%2Fwp%2Fv2%2Fmedia&parent=144"}],"curies":[{"name":"wp","href":"https:\/\/api.w.org\/{rel}","templated":true}]}}