{"id":123,"date":"2021-03-13T17:52:41","date_gmt":"2021-03-13T17:52:41","guid":{"rendered":"http:\/\/www.eripgip.be\/NewWeb21\/?page_id=123"},"modified":"2026-04-01T10:20:11","modified_gmt":"2026-04-01T10:20:11","slug":"home-2","status":"publish","type":"page","link":"https:\/\/www.eripgip.be\/NewWeb21\/","title":{"rendered":"Home"},"content":{"rendered":"\t\t<div data-elementor-type=\"wp-page\" data-elementor-id=\"123\" class=\"elementor elementor-123\" data-elementor-settings=\"[]\">\n\t\t\t\t\t\t\t<div class=\"elementor-section-wrap\">\n\t\t\t\t\t\t\t<section class=\"elementor-section elementor-top-section elementor-element elementor-element-b0a3230 elementor-section-boxed elementor-section-height-default elementor-section-height-default\" data-id=\"b0a3230\" data-element_type=\"section\">\n\t\t\t\t\t\t<div class=\"elementor-container elementor-column-gap-default\">\n\t\t\t\t\t<div class=\"elementor-column elementor-col-100 elementor-top-column elementor-element elementor-element-79366437\" data-id=\"79366437\" data-element_type=\"column\">\n\t\t\t<div class=\"elementor-widget-wrap elementor-element-populated\">\n\t\t\t\t\t\t\t\t<div class=\"elementor-element elementor-element-3ec6394 elementor-widget elementor-widget-text-editor\" data-id=\"3ec6394\" data-element_type=\"widget\" data-widget_type=\"text-editor.default\">\n\t\t\t\t<div class=\"elementor-widget-container\">\n\t\t\t\t\t\t\t\t<p>Bienvenue \u00e0 tous sur le site de l&#8217;Acad\u00e9mie R\u00e9gionale de Police de Bruxelles (ARPB).<\/p><p>Au sein de notre \u00e9cole de police, nous avons pour mission d\u2019atteindre l&#8217;excellence dans la formation polici\u00e8re.<\/p><p>Notre d\u00e9fi quotidien est d\u2019offrir une formation qui int\u00e8gre les derni\u00e8res technologies et propose des programmes de cours enrichissants et adapt\u00e9s aux d\u00e9fis modernes.<\/p><p>Au travers de partenariats strat\u00e9giques et avec une approche p\u00e9dagogique novatrice et adapt\u00e9e \u00e0 chaque aspirant en formation de base ou policiers en formation continu\u00e9e.<\/p><p>L\u2019ARPB est une \u00e9cole qui s\u2019adapte quotidiennement aux r\u00e9alit\u00e9s v\u00e9cues sur le terrain par les diff\u00e9rents corps ou services de police tant locales que f\u00e9d\u00e9rales.<\/p><p>Nous avons comme objectif d\u2019enseigner une fonction de police orient\u00e9e vers la communaut\u00e9 et guid\u00e9e par l\u2019information et avant tout respectueuse des normes et des valeurs de la police int\u00e9gr\u00e9e.<\/p><p>Quel que soit le niveau de formation, l&#8217;ARPB forme des nouvelles g\u00e9n\u00e9rations d&#8217;agents, d&#8217;inspecteurs, d&#8217;inspecteurs principaux, pr\u00eats \u00e0 r\u00e9pondre efficacement aux besoins de notre soci\u00e9t\u00e9 en constante \u00e9volution.<\/p><p>Elle permet en outre aux membres du personnel d\u00e9j\u00e0 en service, de continuer \u00e0 se former dans des domaines techniques ou sp\u00e9cialis\u00e9s afin de parfaire et de couvrir les 7 fonctionnalit\u00e9s de base de la police locale et l&#8217;appui sp\u00e9cifique \u00e0 la police f\u00e9d\u00e9rale (exemple : cybers\u00e9curit\u00e9) ou encore des domaines transversaux (lutte contre la discrimination, gestion du stress, conduite prioritaire en code 3 &#8230;), utiles et n\u00e9cessaire \u00e0 tous les policiers sur le terrain.<\/p><p>Nos installations comprennent notamment un <em>simulateur <\/em><em>de conduite<\/em>, <em>une piste de glisse<\/em> pour la conduite prioritaire, des <em>espaces didactiques innovants et \u00e9volutifs<\/em>.<\/p><p>Nous b\u00e9n\u00e9ficions \u00e9galement <em>d\u2019appartements de formation, une <\/em>sc\u00e8ne de crime modulable en <em>sc\u00e8ne de fouille de b\u00e2timents<\/em>, cr\u00e9ant des environnements r\u00e9alistes pour un apprentissage pratique et attractif.<\/p><p>Un projet de r\u00e9alit\u00e9 virtuelle viendra bient\u00f4t prendre place \u00e9galement dans nos formations pour assurer une formation compl\u00e8te et adapt\u00e9e aux r\u00e9alit\u00e9s contemporaines.<\/p><p>Au-del\u00e0 de la technologie, notre force r\u00e9side dans la collaboration et la mutualisation des ressources avec les autres \u00e9coles des m\u00e9tiers de la s\u00e9curit\u00e9 pr\u00e9sentes sur le site, permettant de cr\u00e9er des synergies entre divers domaines de la s\u00e9curit\u00e9.<\/p><p>La s\u00e9curit\u00e9 publique \u00e0 Bruxelles et au-del\u00e0, l&#8217;engagement et le service au citoyen doivent trouver leurs racines dans un personnel policier motiv\u00e9 et comp\u00e9tent et ayant pu b\u00e9n\u00e9ficier d\u2019une formation de qualit\u00e9.<\/p><p>L\u2019apprentissage d\u2019un <em>savoir faire<\/em> et d\u2019un <em>savoir \u00eatre<\/em> vont de pair et est la marque de fabrique de notre acad\u00e9mie de police bilingue et acc\u00e8s sur le m\u00e9tier de policier de demain. \u00a0<\/p><p>L&#8217;ARPB est l\u00e0 pour r\u00e9pondre \u00e0 vos questions et vous permettre d\u2019en d\u00e9couvrir plus sur ce m\u00e9tier passionnant et pluriel.<\/p><p>Ensemble avec toute mon \u00e9quipe nous formons pour mieux servir le citoyen.<\/p><p>N\u2019h\u00e9sitez pas \u00e0 prendre contact avec notre \u00e9cole via l\u2019adresse \u00e9lectronique de contact\u00a0: <a href=\"mailto:eps.bpa.info@police.belgium.eu\">eps.bpa.info@police.belgium.eu<\/a><\/p><p>\u00a0<\/p><p>\u00a0<\/p><hr \/>\t\t\t\t\t\t<\/div>\n\t\t\t\t<\/div>\n\t\t\t\t\t<\/div>\n\t\t<\/div>\n\t\t\t\t\t\t\t<\/div>\n\t\t<\/section>\n\t\t\t\t<section class=\"elementor-section elementor-top-section elementor-element elementor-element-2d8701f elementor-section-boxed elementor-section-height-default elementor-section-height-default\" data-id=\"2d8701f\" data-element_type=\"section\">\n\t\t\t\t\t\t<div class=\"elementor-container elementor-column-gap-default\">\n\t\t\t\t\t<div class=\"elementor-column elementor-col-100 elementor-top-column elementor-element elementor-element-bbfc01e\" data-id=\"bbfc01e\" data-element_type=\"column\">\n\t\t\t<div class=\"elementor-widget-wrap elementor-element-populated\">\n\t\t\t\t\t\t\t\t<div class=\"elementor-element elementor-element-adf79cd elementor-widget elementor-widget-text-editor\" data-id=\"adf79cd\" data-element_type=\"widget\" data-widget_type=\"text-editor.default\">\n\t\t\t\t<div class=\"elementor-widget-container\">\n\t\t\t\t\t\t\t\t<p style=\"text-align: center;\"><strong>Rejoignez-nous sur Facebook :\u00a0<\/strong><\/p>\t\t\t\t\t\t<\/div>\n\t\t\t\t<\/div>\n\t\t\t\t<div class=\"elementor-element elementor-element-8f41ac3 elementor-shape-rounded elementor-grid-0 e-grid-align-center elementor-widget elementor-widget-social-icons\" data-id=\"8f41ac3\" data-element_type=\"widget\" data-widget_type=\"social-icons.default\">\n\t\t\t\t<div class=\"elementor-widget-container\">\n\t\t\t\t\t<div class=\"elementor-social-icons-wrapper elementor-grid\">\n\t\t\t\t\t\t\t<span class=\"elementor-grid-item\">\n\t\t\t\t\t<a class=\"elementor-icon elementor-social-icon elementor-social-icon-facebook elementor-repeater-item-07dafc6\" href=\"https:\/\/www.facebook.com\/Eripgip\/\" target=\"_blank\">\n\t\t\t\t\t\t<span class=\"elementor-screen-only\">Facebook<\/span>\n\t\t\t\t\t\t<i class=\"fab fa-facebook\"><\/i>\t\t\t\t\t<\/a>\n\t\t\t\t<\/span>\n\t\t\t\t\t<\/div>\n\t\t\t\t<\/div>\n\t\t\t\t<\/div>\n\t\t\t\t\t<\/div>\n\t\t<\/div>\n\t\t\t\t\t\t\t<\/div>\n\t\t<\/section>\n\t\t\t\t<section class=\"elementor-section elementor-top-section elementor-element elementor-element-e609bb5 elementor-section-boxed elementor-section-height-default elementor-section-height-default\" data-id=\"e609bb5\" data-element_type=\"section\">\n\t\t\t\t\t\t<div class=\"elementor-container elementor-column-gap-default\">\n\t\t\t\t\t<div class=\"elementor-column elementor-col-100 elementor-top-column elementor-element elementor-element-91fa68a\" data-id=\"91fa68a\" data-element_type=\"column\">\n\t\t\t<div class=\"elementor-widget-wrap elementor-element-populated\">\n\t\t\t\t\t\t\t\t<div class=\"elementor-element elementor-element-b29f563 elementor-widget elementor-widget-spacer\" data-id=\"b29f563\" data-element_type=\"widget\" data-widget_type=\"spacer.default\">\n\t\t\t\t<div class=\"elementor-widget-container\">\n\t\t\t\t\t<div class=\"elementor-spacer\">\n\t\t\t<div class=\"elementor-spacer-inner\"><\/div>\n\t\t<\/div>\n\t\t\t\t<\/div>\n\t\t\t\t<\/div>\n\t\t\t\t<div class=\"elementor-element elementor-element-7a86ef5 elementor-widget elementor-widget-text-editor\" data-id=\"7a86ef5\" data-element_type=\"widget\" data-widget_type=\"text-editor.default\">\n\t\t\t\t<div class=\"elementor-widget-container\">\n\t\t\t\t\t\t\t\t<p style=\"text-align: center;\"><strong>Partagez le site web :<\/strong><\/p>\t\t\t\t\t\t<\/div>\n\t\t\t\t<\/div>\n\t\t\t\t<div class=\"elementor-element elementor-element-ef89973 elementor-share-buttons--view-icon elementor-share-buttons--shape-circle elementor-share-buttons--align-center elementor-share-buttons--skin-gradient elementor-grid-0 elementor-share-buttons--color-official elementor-widget elementor-widget-share-buttons\" data-id=\"ef89973\" data-element_type=\"widget\" data-widget_type=\"share-buttons.default\">\n\t\t\t\t<div class=\"elementor-widget-container\">\n\t\t\t\t\t<div class=\"elementor-grid\">\n\t\t\t\t\t\t\t\t<div class=\"elementor-grid-item\">\n\t\t\t\t\t\t<div class=\"elementor-share-btn elementor-share-btn_facebook\">\n\t\t\t\t\t\t\t\t\t\t\t\t\t\t\t<span class=\"elementor-share-btn__icon\">\n\t\t\t\t\t\t\t\t<i class=\"fab fa-facebook\"\n\t\t\t\t\t\t\t\t   aria-hidden=\"true\"><\/i>\n\t\t\t\t\t\t\t\t<span\n\t\t\t\t\t\t\t\t\tclass=\"elementor-screen-only\">Share on facebook<\/span>\n\t\t\t\t\t\t\t<\/span>\n\t\t\t\t\t\t\t\t\t\t\t\t\t\t\t\t\t\t\t\t<\/div>\n\t\t\t\t\t<\/div>\n\t\t\t\t\t\t\t\t\t<div class=\"elementor-grid-item\">\n\t\t\t\t\t\t<div class=\"elementor-share-btn elementor-share-btn_linkedin\">\n\t\t\t\t\t\t\t\t\t\t\t\t\t\t\t<span class=\"elementor-share-btn__icon\">\n\t\t\t\t\t\t\t\t<i class=\"fab fa-linkedin\"\n\t\t\t\t\t\t\t\t   aria-hidden=\"true\"><\/i>\n\t\t\t\t\t\t\t\t<span\n\t\t\t\t\t\t\t\t\tclass=\"elementor-screen-only\">Share on linkedin<\/span>\n\t\t\t\t\t\t\t<\/span>\n\t\t\t\t\t\t\t\t\t\t\t\t\t\t\t\t\t\t\t\t<\/div>\n\t\t\t\t\t<\/div>\n\t\t\t\t\t\t\t\t\t<div class=\"elementor-grid-item\">\n\t\t\t\t\t\t<div class=\"elementor-share-btn elementor-share-btn_email\">\n\t\t\t\t\t\t\t\t\t\t\t\t\t\t\t<span class=\"elementor-share-btn__icon\">\n\t\t\t\t\t\t\t\t<i class=\"fas fa-envelope\"\n\t\t\t\t\t\t\t\t   aria-hidden=\"true\"><\/i>\n\t\t\t\t\t\t\t\t<span\n\t\t\t\t\t\t\t\t\tclass=\"elementor-screen-only\">Share on email<\/span>\n\t\t\t\t\t\t\t<\/span>\n\t\t\t\t\t\t\t\t\t\t\t\t\t\t\t\t\t\t\t\t<\/div>\n\t\t\t\t\t<\/div>\n\t\t\t\t\t\t<\/div>\n\t\t\t\t<\/div>\n\t\t\t\t<\/div>\n\t\t\t\t\t<\/div>\n\t\t<\/div>\n\t\t\t\t\t\t\t<\/div>\n\t\t<\/section>\n\t\t\t\t\t\t<\/div>\n\t\t\t\t\t<\/div>\n\t\t","protected":false},"excerpt":{"rendered":"<p>Bienvenue \u00e0 tous sur le site de l&#8217;Acad\u00e9mie R\u00e9gionale de Police de Bruxelles (ARPB). Au sein de notre \u00e9cole de police, nous avons pour mission d\u2019atteindre l&#8217;excellence dans la formation polici\u00e8re. Notre d\u00e9fi quotidien est d\u2019offrir une formation qui int\u00e8gre&#8230; <a href=\"https:\/\/www.eripgip.be\/NewWeb21\/\" class=\"readmore\">Read more<span class=\"screen-reader-text\">Home<\/span><span class=\"fa fa-angle-double-right\" aria-hidden=\"true\"><\/span><\/a><\/p>\n","protected":false},"author":1,"featured_media":0,"parent":0,"menu_order":0,"comment_status":"closed","ping_status":"closed","template":"","meta":{"footnotes":""},"class_list":["post-123","page","type-page","status-publish","hentry"],"_links":{"self":[{"href":"https:\/\/www.eripgip.be\/NewWeb21\/index.php?rest_route=\/wp\/v2\/pages\/123","targetHints":{"allow":["GET"]}}],"collection":[{"href":"https:\/\/www.eripgip.be\/NewWeb21\/index.php?rest_route=\/wp\/v2\/pages"}],"about":[{"href":"https:\/\/www.eripgip.be\/NewWeb21\/index.php?rest_route=\/wp\/v2\/types\/page"}],"author":[{"embeddable":true,"href":"https:\/\/www.eripgip.be\/NewWeb21\/index.php?rest_route=\/wp\/v2\/users\/1"}],"replies":[{"embeddable":true,"href":"https:\/\/www.eripgip.be\/NewWeb21\/index.php?rest_route=%2Fwp%2Fv2%2Fcomments&post=123"}],"version-history":[{"count":51,"href":"https:\/\/www.eripgip.be\/NewWeb21\/index.php?rest_route=\/wp\/v2\/pages\/123\/revisions"}],"predecessor-version":[{"id":4929,"href":"https:\/\/www.eripgip.be\/NewWeb21\/index.php?rest_route=\/wp\/v2\/pages\/123\/revisions\/4929"}],"wp:attachment":[{"href":"https:\/\/www.eripgip.be\/NewWeb21\/index.php?rest_route=%2Fwp%2Fv2%2Fmedia&parent=123"}],"curies":[{"name":"wp","href":"https:\/\/api.w.org\/{rel}","templated":true}]}}